{"id":5054,"date":"2025-12-04T16:09:56","date_gmt":"2025-12-04T22:09:56","guid":{"rendered":"https:\/\/sosep.gob.gt\/\/?page_id=5054"},"modified":"2025-12-11T10:50:22","modified_gmt":"2025-12-11T16:50:22","slug":"hogares-comunitarios","status":"publish","type":"page","link":"https:\/\/sosep.gob.gt\/index.php\/hogares-comunitarios\/","title":{"rendered":"Hogares Comunitarios"},"content":{"rendered":"\t\t<div data-elementor-type=\"wp-page\" data-elementor-id=\"5054\" class=\"elementor elementor-5054\" data-elementor-post-type=\"page\">\n\t\t\t\t<div class=\"elementor-element elementor-element-63425a1 e-con-full e-flex e-con e-parent\" data-id=\"63425a1\" data-element_type=\"container\">\n\t\t<div class=\"elementor-element elementor-element-5825bc4 e-con-full e-flex e-con e-child\" data-id=\"5825bc4\" data-element_type=\"container\" data-settings=\"{&quot;background_background&quot;:&quot;classic&quot;}\">\n\t\t\t\t<div class=\"elementor-element elementor-element-2bb162d elementor-widget elementor-widget-breadcrumbs\" data-id=\"2bb162d\" data-element_type=\"widget\" data-widget_type=\"breadcrumbs.default\">\n\t\t\t\t<div class=\"elementor-widget-container\">\n\t\t\t\t\t<p id=\"breadcrumbs\"><span><span><a href=\"https:\/\/sosep.gob.gt\/\">Inicio<\/a><\/span><\/span><\/p>\t\t\t\t<\/div>\n\t\t\t\t<\/div>\n\t\t\t\t<\/div>\n\t\t\t\t<\/div>\n\t\t<div class=\"elementor-element elementor-element-5881e69 e-con-full e-flex e-con e-parent\" data-id=\"5881e69\" data-element_type=\"container\">\n\t\t\t\t<div class=\"elementor-element elementor-element-e3f1abc elementor-widget__width-initial elementor-widget elementor-widget-html\" data-id=\"e3f1abc\" data-element_type=\"widget\" data-widget_type=\"html.default\">\n\t\t\t\t<div class=\"elementor-widget-container\">\n\t\t\t\t\t<!DOCTYPE html>\r\n<html lang=\"es\">\r\n<head>\r\n<meta charset=\"UTF-8\">\r\n<title>T\u00edtulo Tecnol\u00f3gico<\/title>\r\n\r\n<style>\r\n\/* ================================\r\n   T\u00cdTULO TECNOL\u00d3GICO CON DESTELLOS\r\n   ================================ *\/\r\n.titulo-destellos {\r\n    position: relative;\r\n    background: #192854; \/* Azul institucional oscuro *\/\r\n    padding: 35px 0;\r\n    text-align: center;\r\n    font-family: \"Segoe UI\", sans-serif;\r\n    overflow: hidden;\r\n}\r\n\r\n\/* Texto del t\u00edtulo *\/\r\n.titulo-destellos h2 {\r\n    color: #FFFFFF;\r\n    font-size: 28px;\r\n    font-weight: 700;\r\n    letter-spacing: 1px;\r\n    position: relative;\r\n    z-index: 10;\r\n    text-shadow: 0 0 8px rgba(255,255,255,0.7);\r\n}\r\n\r\n\/* L\u00edneas brillantes laterales *\/\r\n.titulo-destellos::before,\r\n.titulo-destellos::after {\r\n    content: \"\";\r\n    position: absolute;\r\n    top: 50%;\r\n    width: 43%;\r\n    height: 4px;\r\n    border-radius: 10px;\r\n    filter: blur(1px);\r\n    opacity: 0.95;\r\n}\r\n\r\n\/* L\u00ednea izquierda *\/\r\n.titulo-destellos::before {\r\n    left: 0;\r\n    background: linear-gradient(\r\n        90deg,\r\n        transparent,\r\n        rgba(136,192,213,0.4),\r\n        #88C0D5,\r\n        #4993CC,\r\n        #FFFFFF,\r\n        transparent\r\n    );\r\n    animation: destelloIzq 2.4s infinite ease-in-out;\r\n}\r\n\r\n\/* L\u00ednea derecha *\/\r\n.titulo-destellos::after {\r\n    right: 0;\r\n    background: linear-gradient(\r\n        90deg,\r\n        transparent,\r\n        #FFFFFF,\r\n        #4993CC,\r\n        #88C0D5,\r\n        rgba(136,192,213,0.4),\r\n        transparent\r\n    );\r\n    animation: destelloDer 2.4s infinite ease-in-out;\r\n}\r\n\r\n\/* Animaciones *\/\r\n@keyframes destelloIzq {\r\n    0% { transform: translateX(-40px); opacity: .3; }\r\n    50% { opacity: 1; }\r\n    100% { transform: translateX(40px); opacity: .3; }\r\n}\r\n\r\n@keyframes destelloDer {\r\n    0% { transform: translateX(40px); opacity: .3; }\r\n    50% { opacity: 1; }\r\n    100% { transform: translateX(-40px); opacity: .3; }\r\n}\r\n<\/style>\r\n\r\n<\/head>\r\n\r\n<body>\r\n\r\n<!-- =============================\r\n     T\u00cdTULO LISTO PARA USAR\r\n     ============================= -->\r\n<div class=\"titulo-destellos\">\r\n    <h2>Hogares Comunitarios<\/h2>\r\n<\/div>\r\n\r\n<\/body>\r\n<\/html>\r\n\t\t\t\t<\/div>\n\t\t\t\t<\/div>\n\t\t\t\t<\/div>\n\t\t<div class=\"elementor-element elementor-element-735a567 e-con-full e-flex e-con e-parent\" data-id=\"735a567\" data-element_type=\"container\">\n\t\t\t\t<div class=\"elementor-element elementor-element-580a9e8 elementor-widget elementor-widget-html\" data-id=\"580a9e8\" data-element_type=\"widget\" data-widget_type=\"html.default\">\n\t\t\t\t<div class=\"elementor-widget-container\">\n\t\t\t\t\t<style> \r\n\/* ===== ESTILO MODERNO Y TECNOL\u00d3GICO SOSEP ===== *\/\r\n\r\n.sosep-section {\r\n    font-family: \"Segoe UI\", sans-serif;\r\n    color: #000;\r\n    line-height: 1.75;\r\n    text-align: justify;\r\n    margin-bottom: 60px;\r\n}\r\n\r\n\/* Tarjetas *\/\r\n.sosep-card {\r\n    display: flex;\r\n    gap: 30px;\r\n    align-items: center;\r\n    background: #ffffff;\r\n    padding: 25px;\r\n    border-radius: 14px;\r\n    margin: 40px 0;\r\n    box-shadow: 0 6px 18px rgba(0,0,0,0.10);\r\n    transition: transform 0.25s ease;\r\n}\r\n.sosep-card:hover {\r\n    transform: translateY(-4px);\r\n}\r\n\r\n\/* Card 2 (servicios) alineada arriba *\/\r\n.card-servicios {\r\n    align-items: flex-start;\r\n}\r\n\r\n\/* Imagen *\/\r\n.sosep-img {\r\n    width: 45%;\r\n    border-radius: 12px;\r\n    object-fit: cover;\r\n    box-shadow: 0 4px 12px rgba(0,0,0,0.15);\r\n}\r\n\r\n\/* Texto *\/\r\n.sosep-text {\r\n    width: 55%;\r\n    font-size: 17px;\r\n    text-align: justify !important;\r\n}\r\n\r\n\/* T\u00edtulos *\/\r\n.sosep-card h2 {\r\n    color: #003366;\r\n    font-size: 24px;\r\n    margin-bottom: 12px;\r\n    font-weight: 600;\r\n    text-align: justify !important;\r\n}\r\n\r\n\/* Subt\u00edtulos internos *\/\r\n.sosep-subtitle {\r\n    font-size: 20px;\r\n    font-weight: 600;\r\n    color: #003366;\r\n    margin-top: 18px;\r\n    margin-bottom: 8px;\r\n}\r\n\r\n\/* Alternar lado de imagen *\/\r\n.reverse {\r\n    flex-direction: row-reverse;\r\n}\r\n\r\n\/* Listas *\/\r\n.sosep-list {\r\n    padding-left: 20px;\r\n}\r\n.sosep-list li {\r\n    margin-bottom: 10px;\r\n    text-align: justify !important;\r\n}\r\n\r\n\/* Bloque observaciones *\/\r\n.sosep-observaciones {\r\n    margin-top: 16px;\r\n    background: #f2f6ff;\r\n    border-left: 4px solid #003366;\r\n    padding: 14px 18px;\r\n    border-radius: 12px;\r\n    font-size: 16px;\r\n}\r\n\r\n\/* Contacto final *\/\r\n.sosep-contact {\r\n    background: #f0f4fa;\r\n    border-left: 6px solid #003366;\r\n    padding: 25px;\r\n    border-radius: 12px;\r\n    font-size: 18px;\r\n    margin-top: 50px;\r\n    text-align: justify !important;\r\n}\r\n\r\n\/* Bot\u00f3n *\/ \r\n#boton {\r\n  display: block;\r\n  margin: 25px auto 0 auto;\r\n  text-decoration: none;\r\n  background-color: transparent;\r\n  color: #192854;\r\n  padding: 12px 32px;\r\n  font-size: 16px;\r\n  font-weight: 600;\r\n  border: 2px solid #192854;\r\n  border-radius: 4px;\r\n  font-family: 'Segoe UI', Tahoma, Geneva, Verdana, sans-serif;\r\n  letter-spacing: 0.5px;\r\n  cursor: pointer;\r\n  position: relative;\r\n  overflow: hidden;\r\n  transition: box-shadow 0.3s ease;\r\n  animation: flotar-visible 5s ease-in-out infinite;\r\n}\r\n\r\n\/* Fondo deslizante *\/\r\n#boton::before {\r\n  content: \"\";\r\n  position: absolute;\r\n  top: 0;\r\n  left: -100%;\r\n  width: 100%;\r\n  height: 100%;\r\n  background-color: #192854;\r\n  z-index: 0;\r\n  transition: left 0.3s ease-in-out;\r\n}\r\n\r\n\/* Texto dentro *\/\r\n#boton span {\r\n  position: relative;\r\n  z-index: 1;\r\n  transition: color 0.3s ease-in-out;\r\n}\r\n\r\n\/* Hover *\/\r\n#boton:hover::before {\r\n  left: 0;\r\n}\r\n#boton:hover span {\r\n  color: #ffffff;\r\n}\r\n#boton:hover {\r\n  box-shadow: 0 4px 12px rgba(25, 40, 84, 0.15);\r\n  animation-play-state: paused;\r\n}\r\n\r\n\/* Animaci\u00f3n flotante *\/\r\n@keyframes flotar-visible {\r\n  0%, 100% { transform: translateY(0px); }\r\n  50% { transform: translateY(-6px); }\r\n}\r\n\r\n\/* ==== GALER\u00cdAS ==== *\/\r\n\r\n\/* Mosaico vertical (card 2) \u2013 ahora solo 3 im\u00e1genes *\/\r\n.gallery-tall {\r\n    width: 45%;\r\n    display: grid;\r\n    grid-template-columns: 1fr;\r\n    grid-template-rows: 260px 220px 260px;\r\n    gap: 20px;\r\n}\r\n\r\n.gallery-tall img,\r\n.gallery-tall-3 img {\r\n    width: 100%;\r\n    height: 100%;\r\n    border-radius: 14px;\r\n    object-fit: cover;\r\n    box-shadow: 0 4px 16px rgba(0,0,0,0.15);\r\n    transition: transform .25s ease;\r\n}\r\n.gallery-tall img:hover,\r\n.gallery-tall-3 img:hover {\r\n    transform: scale(1.03);\r\n}\r\n\r\n\/* Galer\u00eda vertical 3 im\u00e1genes (card 3) *\/\r\n.gallery-tall-3 {\r\n    width: 45%;\r\n    display: grid;\r\n    grid-template-columns: 1fr;\r\n    grid-template-rows: 260px 240px 260px;\r\n    gap: 20px;\r\n}\r\n\r\n\/* ===================== RESPONSIVE \u2013 M\u00d3VILES ===================== *\/\r\n@media screen and (max-width: 768px) {\r\n\r\n    .sosep-card {\r\n        flex-direction: column !important;\r\n        text-align: center;\r\n        padding: 20px;\r\n    }\r\n\r\n    .sosep-text,\r\n    .gallery-tall,\r\n    .gallery-tall-3 {\r\n        width: 100% !important;\r\n    }\r\n\r\n    .sosep-text {\r\n        text-align: justify !important;\r\n    }\r\n\r\n    .sosep-img {\r\n        width: 100% !important;\r\n        height: auto !important;\r\n    }\r\n\r\n    .gallery-tall,\r\n    .gallery-tall-3 {\r\n        grid-template-rows: 180px 180px 180px !important;\r\n    }\r\n\r\n    .gallery-tall img,\r\n    .gallery-tall-3 img {\r\n        height: 180px !important;\r\n    }\r\n\r\n    #boton {\r\n        width: fit-content;\r\n        margin-left: auto !important;\r\n        margin-right: auto !important;\r\n        display: block !important;\r\n    }\r\n\r\n    .sosep-contact {\r\n        font-size: 16px;\r\n        padding: 18px;\r\n    }\r\n}\r\n<\/style>\r\n\r\n\r\n\r\n<!-- ====================== SECCI\u00d3N 1 ====================== -->\r\n\r\n<div class=\"sosep-card\">\r\n    <img decoding=\"async\" src=\"https:\/\/sosep.gob.gt\/wp-content\/uploads\/2025\/12\/hc122.png\" class=\"sosep-img\">\r\n\r\n    <div class=\"sosep-text\">\r\n        <h2>Programa de Hogares Comunitarios<\/h2>\r\n\r\n        <p>\r\n            El programa, es el responsable de facilitar el desarrollo integral de ni\u00f1as y ni\u00f1os menores de siete a\u00f1os, que se encuentran en situaci\u00f3n de vulneraci\u00f3n econ\u00f3mica-social. Su objetivo es contribuir a la mejora de las condiciones de vida de los mismos, mediante la provisi\u00f3n de servicios integrales en las \u00e1reas de Nutrici\u00f3n, Salud Preventiva, Desarrollo Psicosocial, Protecci\u00f3n y educaci\u00f3n inicial. Asimismo, el programa, busca favorecer la incorporaci\u00f3n de la madre en actividades productivas, facilitando la generaci\u00f3n de ingresos y el fortalecimiento de las condiciones socioecon\u00f3micas de su n\u00facleo familiar.\r\n        <\/p>\r\n    <\/div>\r\n<\/div>\r\n\r\n\r\n\r\n<!-- ====================== SECCI\u00d3N 2 \u2013 SERVICIOS (3 IM\u00c1GENES) ====================== -->\r\n\r\n<div class=\"sosep-card reverse card-servicios\">\r\n\r\n    <!-- GALER\u00cdA ALTA (ahora 3 IM\u00c1GENES) -->\r\n    <div class=\"gallery-tall\">\r\n        <img decoding=\"async\" src=\"https:\/\/sosep.gob.gt\/wp-content\/uploads\/2025\/12\/hcwb.png\">\r\n        <img decoding=\"async\" src=\"https:\/\/sosep.gob.gt\/wp-content\/uploads\/2025\/12\/J4A7212INAUGURACION_CADI_NUEVA_METODOLOGIA_SANTA_CRUZ_BALANYA_CHIMALTENANGO_DRA_ZULMA_CALDERON_00000.png\">\r\n        <img decoding=\"async\" src=\"https:\/\/sosep.gob.gt\/wp-content\/uploads\/2025\/12\/J4A0489DRA_ZULMA_CALDERON_PRIMERA_DAMA_INAUGURAN_NUEVO_CADI_EN_SAN_ANDRES_VILLA_SECA_RETALHULEU_00000.png\">\r\n    <\/div>\r\n\r\n    <!-- TEXTO -->\r\n    <div class=\"sosep-text\">\r\n        <h2>Servicios que Brindamos<\/h2>\r\n\r\n        <ul class=\"sosep-list\">\r\n            <li>Brindar servicios de cuidado y atenci\u00f3n integral a menores de siete a\u00f1os de edad que vivan en situaci\u00f3n de pobreza o extrema pobreza.<\/li>\r\n            <li>Proveer atenci\u00f3n educativa en las etapas de educaci\u00f3n inicial y preprimaria para fortalecer su desarrollo cognitivo y socioemocional.<\/li>\r\n            <li>Garantizar alimentaci\u00f3n complementaria mediante cuatro tiempos de comida diarios para contribuir a su adecuada nutrici\u00f3n.<\/li>\r\n            <li>Realizar actividades recreativas y culturales que promuevan la creatividad, el juego y la convivencia saludable.<\/li>\r\n            <li>Implementar acciones de salud preventiva orientadas al seguimiento del crecimiento, desarrollo y bienestar general.<\/li>\r\n            <li>Ofrecer atenci\u00f3n psicol\u00f3gica para apoyar el bienestar emocional y psicosocial de la ni\u00f1ez atendida.<\/li>\r\n        <\/ul>\r\n    <\/div>\r\n<\/div>\r\n\r\n\r\n\r\n<!-- ====================== SECCI\u00d3N 3 \u2013 REQUISITOS + OBSERVACIONES ====================== -->\r\n\r\n<div class=\"sosep-card\">\r\n\r\n    <!-- GALER\u00cdA ALTA DE 3 IM\u00c1GENES -->\r\n    <div class=\"gallery-tall-3\">\r\n        <img decoding=\"async\" src=\"https:\/\/sosep.gob.gt\/wp-content\/uploads\/2025\/12\/hc4.png\">\r\n        <img decoding=\"async\" src=\"https:\/\/sosep.gob.gt\/wp-content\/uploads\/2025\/12\/hc3.png\">\r\n        <img decoding=\"async\" src=\"https:\/\/sosep.gob.gt\/wp-content\/uploads\/2025\/12\/hogares5-scaled.jpeg\">\r\n    <\/div>\r\n\r\n    <!-- TEXTO -->\r\n    <div class=\"sosep-text\">\r\n        <h2>Requisitos para pertenecer al programa<\/h2>\r\n\r\n        <ul class=\"sosep-list\">\r\n            <li>Ser ni\u00f1o o ni\u00f1a menor de 7 a\u00f1os de edad.<\/li>\r\n            <li>Brindar informaci\u00f3n, por parte del padre, madre o responsable del menor, para completar el estudio socioecon\u00f3mico realizado por el (la) trabajador(a) social.<\/li>\r\n            <li>Presentar recibo de agua, luz, tel\u00e9fono o constancia de residencia legible extendida por la municipalidad o COCODE.<\/li>\r\n            <li>Presentar fotocopia del Certificado de Nacimiento legible y reciente (m\u00ednimo 6 meses).<\/li>\r\n            <li>Presentar fotocopia legible del carn\u00e9 de vacunaci\u00f3n del menor.<\/li>\r\n            <li>Presentar constancia de peso y talla del menor.<\/li>\r\n            <li>Presentar fotocopia del Documento Personal de Identificaci\u00f3n \u2013DPI\u2013 vigente y extendido por RENAP.<\/li>\r\n            <li>Presentar constancia laboral de la empresa (si es trabajo informal, la trabajadora social indicar\u00e1 el documento a presentar).<\/li>\r\n            <li>Presentar consentimiento aceptando la realizaci\u00f3n de ex\u00e1menes de laboratorio del menor.<\/li>\r\n        <\/ul>\r\n\r\n        <div class=\"sosep-observaciones\">\r\n            <div class=\"sosep-subtitle\">Observaciones<\/div>\r\n            <ul class=\"sosep-list\">\r\n                <li>El cumplimiento de los requisitos no garantiza autom\u00e1ticamente el ingreso; la asignaci\u00f3n de cupo depender\u00e1 de la evaluaci\u00f3n t\u00e9cnica y la disponibilidad en cada centro.<\/li>\r\n                <li>La informaci\u00f3n proporcionada ser\u00e1 verificada por el personal responsable, con el fin de asegurar que el beneficiario cumpla con el perfil del programa.<\/li>\r\n                <li>Situaciones especiales o casos de alta vulnerabilidad podr\u00e1n ser analizados de forma individual por el equipo t\u00e9cnico.<\/li>\r\n            <\/ul>\r\n        <\/div>\r\n\r\n    <\/div>\r\n<\/div>\r\n\r\n\r\n\r\n<!-- ====================== CONTACTO ====================== -->\r\n\r\n<div class=\"sosep-contact\">\r\n    <strong>Tel\u00e9fono:<\/strong> 2294 \u2013 3900 EXT: 2079 \r\n<\/div>\r\n\r\n<!-- ====================== BOT\u00d3N FINAL ====================== -->\r\n\r\n\t\t\t\t<\/div>\n\t\t\t\t<\/div>\n\t\t\t\t<\/div>\n\t\t\t\t<\/div>\n\t\t","protected":false},"excerpt":{"rendered":"<p>T\u00edtulo Tecnol\u00f3gico Hogares Comunitarios Programa de Hogares Comunitarios El programa, es el responsable de facilitar el desarrollo integral de ni\u00f1as y ni\u00f1os menores de siete a\u00f1os, que se encuentran en situaci\u00f3n de vulneraci\u00f3n econ\u00f3mica-social. Su objetivo es contribuir a la mejora de las condiciones de vida de los mismos, mediante la provisi\u00f3n de servicios integrales [&hellip;]<\/p>\n","protected":false},"author":1,"featured_media":0,"parent":0,"menu_order":0,"comment_status":"closed","ping_status":"closed","template":"elementor_header_footer","meta":{"_acf_changed":false,"footnotes":""},"class_list":["post-5054","page","type-page","status-publish","hentry"],"acf":[],"yoast_head":"<!-- This site is optimized with the Yoast SEO plugin v26.2 - https:\/\/yoast.com\/wordpress\/plugins\/seo\/ -->\n<title>Hogares Comunitarios - SOSEP<\/title>\n<meta name=\"robots\" content=\"index, follow, max-snippet:-1, max-image-preview:large, max-video-preview:-1\" \/>\n<link rel=\"canonical\" href=\"https:\/\/sosep.gob.gt\/index.php\/hogares-comunitarios\/\" \/>\n<meta property=\"og:locale\" content=\"es_ES\" \/>\n<meta property=\"og:type\" content=\"article\" \/>\n<meta property=\"og:title\" content=\"Hogares Comunitarios - SOSEP\" \/>\n<meta property=\"og:description\" content=\"T\u00edtulo Tecnol\u00f3gico Hogares Comunitarios Programa de Hogares Comunitarios El programa, es el responsable de facilitar el desarrollo integral de ni\u00f1as y ni\u00f1os menores de siete a\u00f1os, que se encuentran en situaci\u00f3n de vulneraci\u00f3n econ\u00f3mica-social. Su objetivo es contribuir a la mejora de las condiciones de vida de los mismos, mediante la provisi\u00f3n de servicios integrales [&hellip;]\" \/>\n<meta property=\"og:url\" content=\"https:\/\/sosep.gob.gt\/index.php\/hogares-comunitarios\/\" \/>\n<meta property=\"og:site_name\" content=\"SOSEP\" \/>\n<meta property=\"article:modified_time\" content=\"2025-12-11T16:50:22+00:00\" \/>\n<meta property=\"og:image\" content=\"https:\/\/sosep.gob.gt\/\/wp-content\/uploads\/2025\/12\/hc122.png\" \/>\n<meta name=\"twitter:card\" content=\"summary_large_image\" \/>\n<meta name=\"twitter:label1\" content=\"Est. reading time\" \/>\n\t<meta name=\"twitter:data1\" content=\"4 minutos\" \/>\n<script type=\"application\/ld+json\" class=\"yoast-schema-graph\">{\"@context\":\"https:\/\/schema.org\",\"@graph\":[{\"@type\":\"WebPage\",\"@id\":\"https:\/\/sosep.gob.gt\/index.php\/hogares-comunitarios\/\",\"url\":\"https:\/\/sosep.gob.gt\/index.php\/hogares-comunitarios\/\",\"name\":\"Hogares Comunitarios - SOSEP\",\"isPartOf\":{\"@id\":\"https:\/\/sosep.gob.gt\/#website\"},\"primaryImageOfPage\":{\"@id\":\"https:\/\/sosep.gob.gt\/index.php\/hogares-comunitarios\/#primaryimage\"},\"image\":{\"@id\":\"https:\/\/sosep.gob.gt\/index.php\/hogares-comunitarios\/#primaryimage\"},\"thumbnailUrl\":\"https:\/\/sosep.gob.gt\/\/wp-content\/uploads\/2025\/12\/hc122.png\",\"datePublished\":\"2025-12-04T22:09:56+00:00\",\"dateModified\":\"2025-12-11T16:50:22+00:00\",\"breadcrumb\":{\"@id\":\"https:\/\/sosep.gob.gt\/index.php\/hogares-comunitarios\/#breadcrumb\"},\"inLanguage\":\"es\",\"potentialAction\":[{\"@type\":\"ReadAction\",\"target\":[\"https:\/\/sosep.gob.gt\/index.php\/hogares-comunitarios\/\"]}]},{\"@type\":\"ImageObject\",\"inLanguage\":\"es\",\"@id\":\"https:\/\/sosep.gob.gt\/index.php\/hogares-comunitarios\/#primaryimage\",\"url\":\"https:\/\/sosep.gob.gt\/\/wp-content\/uploads\/2025\/12\/hc122.png\",\"contentUrl\":\"https:\/\/sosep.gob.gt\/\/wp-content\/uploads\/2025\/12\/hc122.png\"},{\"@type\":\"BreadcrumbList\",\"@id\":\"https:\/\/sosep.gob.gt\/index.php\/hogares-comunitarios\/#breadcrumb\",\"itemListElement\":[{\"@type\":\"ListItem\",\"position\":1,\"name\":\"Inicio\",\"item\":\"https:\/\/sosep.gob.gt\/\"},{\"@type\":\"ListItem\",\"position\":2,\"name\":\"Hogares Comunitarios\"}]},{\"@type\":\"WebSite\",\"@id\":\"https:\/\/sosep.gob.gt\/#website\",\"url\":\"https:\/\/sosep.gob.gt\/\",\"name\":\"SOSEP\",\"description\":\"Secretar\u00eda de Obras Sociales de la Esposa del Presidente de la Rep\u00fablica\",\"publisher\":{\"@id\":\"https:\/\/sosep.gob.gt\/#organization\"},\"potentialAction\":[{\"@type\":\"SearchAction\",\"target\":{\"@type\":\"EntryPoint\",\"urlTemplate\":\"https:\/\/sosep.gob.gt\/?s={search_term_string}\"},\"query-input\":{\"@type\":\"PropertyValueSpecification\",\"valueRequired\":true,\"valueName\":\"search_term_string\"}}],\"inLanguage\":\"es\"},{\"@type\":\"Organization\",\"@id\":\"https:\/\/sosep.gob.gt\/#organization\",\"name\":\"SOSEP\",\"url\":\"https:\/\/sosep.gob.gt\/\",\"logo\":{\"@type\":\"ImageObject\",\"inLanguage\":\"es\",\"@id\":\"https:\/\/sosep.gob.gt\/#\/schema\/logo\/image\/\",\"url\":\"https:\/\/sosep.gob.gt\/wp-content\/uploads\/2025\/08\/LOGOS-OFICIALES-SOSEP-01.png\",\"contentUrl\":\"https:\/\/sosep.gob.gt\/wp-content\/uploads\/2025\/08\/LOGOS-OFICIALES-SOSEP-01.png\",\"width\":1754,\"height\":867,\"caption\":\"SOSEP\"},\"image\":{\"@id\":\"https:\/\/sosep.gob.gt\/#\/schema\/logo\/image\/\"}}]}<\/script>\n<!-- \/ Yoast SEO plugin. -->","yoast_head_json":{"title":"Hogares Comunitarios - SOSEP","robots":{"index":"index","follow":"follow","max-snippet":"max-snippet:-1","max-image-preview":"max-image-preview:large","max-video-preview":"max-video-preview:-1"},"canonical":"https:\/\/sosep.gob.gt\/index.php\/hogares-comunitarios\/","og_locale":"es_ES","og_type":"article","og_title":"Hogares Comunitarios - SOSEP","og_description":"T\u00edtulo Tecnol\u00f3gico Hogares Comunitarios Programa de Hogares Comunitarios El programa, es el responsable de facilitar el desarrollo integral de ni\u00f1as y ni\u00f1os menores de siete a\u00f1os, que se encuentran en situaci\u00f3n de vulneraci\u00f3n econ\u00f3mica-social. Su objetivo es contribuir a la mejora de las condiciones de vida de los mismos, mediante la provisi\u00f3n de servicios integrales [&hellip;]","og_url":"https:\/\/sosep.gob.gt\/index.php\/hogares-comunitarios\/","og_site_name":"SOSEP","article_modified_time":"2025-12-11T16:50:22+00:00","og_image":[{"url":"https:\/\/sosep.gob.gt\/\/wp-content\/uploads\/2025\/12\/hc122.png","type":"","width":"","height":""}],"twitter_card":"summary_large_image","twitter_misc":{"Est. reading time":"4 minutos"},"schema":{"@context":"https:\/\/schema.org","@graph":[{"@type":"WebPage","@id":"https:\/\/sosep.gob.gt\/index.php\/hogares-comunitarios\/","url":"https:\/\/sosep.gob.gt\/index.php\/hogares-comunitarios\/","name":"Hogares Comunitarios - SOSEP","isPartOf":{"@id":"https:\/\/sosep.gob.gt\/#website"},"primaryImageOfPage":{"@id":"https:\/\/sosep.gob.gt\/index.php\/hogares-comunitarios\/#primaryimage"},"image":{"@id":"https:\/\/sosep.gob.gt\/index.php\/hogares-comunitarios\/#primaryimage"},"thumbnailUrl":"https:\/\/sosep.gob.gt\/\/wp-content\/uploads\/2025\/12\/hc122.png","datePublished":"2025-12-04T22:09:56+00:00","dateModified":"2025-12-11T16:50:22+00:00","breadcrumb":{"@id":"https:\/\/sosep.gob.gt\/index.php\/hogares-comunitarios\/#breadcrumb"},"inLanguage":"es","potentialAction":[{"@type":"ReadAction","target":["https:\/\/sosep.gob.gt\/index.php\/hogares-comunitarios\/"]}]},{"@type":"ImageObject","inLanguage":"es","@id":"https:\/\/sosep.gob.gt\/index.php\/hogares-comunitarios\/#primaryimage","url":"https:\/\/sosep.gob.gt\/\/wp-content\/uploads\/2025\/12\/hc122.png","contentUrl":"https:\/\/sosep.gob.gt\/\/wp-content\/uploads\/2025\/12\/hc122.png"},{"@type":"BreadcrumbList","@id":"https:\/\/sosep.gob.gt\/index.php\/hogares-comunitarios\/#breadcrumb","itemListElement":[{"@type":"ListItem","position":1,"name":"Inicio","item":"https:\/\/sosep.gob.gt\/"},{"@type":"ListItem","position":2,"name":"Hogares Comunitarios"}]},{"@type":"WebSite","@id":"https:\/\/sosep.gob.gt\/#website","url":"https:\/\/sosep.gob.gt\/","name":"SOSEP","description":"Secretar\u00eda de Obras Sociales de la Esposa del Presidente de la Rep\u00fablica","publisher":{"@id":"https:\/\/sosep.gob.gt\/#organization"},"potentialAction":[{"@type":"SearchAction","target":{"@type":"EntryPoint","urlTemplate":"https:\/\/sosep.gob.gt\/?s={search_term_string}"},"query-input":{"@type":"PropertyValueSpecification","valueRequired":true,"valueName":"search_term_string"}}],"inLanguage":"es"},{"@type":"Organization","@id":"https:\/\/sosep.gob.gt\/#organization","name":"SOSEP","url":"https:\/\/sosep.gob.gt\/","logo":{"@type":"ImageObject","inLanguage":"es","@id":"https:\/\/sosep.gob.gt\/#\/schema\/logo\/image\/","url":"https:\/\/sosep.gob.gt\/wp-content\/uploads\/2025\/08\/LOGOS-OFICIALES-SOSEP-01.png","contentUrl":"https:\/\/sosep.gob.gt\/wp-content\/uploads\/2025\/08\/LOGOS-OFICIALES-SOSEP-01.png","width":1754,"height":867,"caption":"SOSEP"},"image":{"@id":"https:\/\/sosep.gob.gt\/#\/schema\/logo\/image\/"}}]}},"_links":{"self":[{"href":"https:\/\/sosep.gob.gt\/index.php\/wp-json\/wp\/v2\/pages\/5054","targetHints":{"allow":["GET"]}}],"collection":[{"href":"https:\/\/sosep.gob.gt\/index.php\/wp-json\/wp\/v2\/pages"}],"about":[{"href":"https:\/\/sosep.gob.gt\/index.php\/wp-json\/wp\/v2\/types\/page"}],"author":[{"embeddable":true,"href":"https:\/\/sosep.gob.gt\/index.php\/wp-json\/wp\/v2\/users\/1"}],"replies":[{"embeddable":true,"href":"https:\/\/sosep.gob.gt\/index.php\/wp-json\/wp\/v2\/comments?post=5054"}],"version-history":[{"count":13,"href":"https:\/\/sosep.gob.gt\/index.php\/wp-json\/wp\/v2\/pages\/5054\/revisions"}],"predecessor-version":[{"id":5254,"href":"https:\/\/sosep.gob.gt\/index.php\/wp-json\/wp\/v2\/pages\/5054\/revisions\/5254"}],"wp:attachment":[{"href":"https:\/\/sosep.gob.gt\/index.php\/wp-json\/wp\/v2\/media?parent=5054"}],"curies":[{"name":"wp","href":"https:\/\/api.w.org\/{rel}","templated":true}]}}