{"id":5045,"date":"2025-12-04T16:07:33","date_gmt":"2025-12-04T22:07:33","guid":{"rendered":"https:\/\/sosep.gob.gt\/\/?page_id=5045"},"modified":"2025-12-11T09:48:25","modified_gmt":"2025-12-11T15:48:25","slug":"mis-anos-dorados","status":"publish","type":"page","link":"https:\/\/sosep.gob.gt\/index.php\/mis-anos-dorados\/","title":{"rendered":"Mis A\u00f1os Dorados"},"content":{"rendered":"\t\t<div data-elementor-type=\"wp-page\" data-elementor-id=\"5045\" class=\"elementor elementor-5045\" data-elementor-post-type=\"page\">\n\t\t\t\t<div class=\"elementor-element elementor-element-bf6b458 e-con-full e-flex e-con e-parent\" data-id=\"bf6b458\" data-element_type=\"container\">\n\t\t<div class=\"elementor-element elementor-element-126307b e-con-full e-flex e-con e-child\" data-id=\"126307b\" data-element_type=\"container\" data-settings=\"{&quot;background_background&quot;:&quot;classic&quot;}\">\n\t\t\t\t<div class=\"elementor-element elementor-element-af465a0 elementor-widget elementor-widget-breadcrumbs\" data-id=\"af465a0\" data-element_type=\"widget\" data-widget_type=\"breadcrumbs.default\">\n\t\t\t\t<div class=\"elementor-widget-container\">\n\t\t\t\t\t<p id=\"breadcrumbs\"><span><span><a href=\"https:\/\/sosep.gob.gt\/\">Inicio<\/a><\/span><\/span><\/p>\t\t\t\t<\/div>\n\t\t\t\t<\/div>\n\t\t\t\t<\/div>\n\t\t\t\t<\/div>\n\t\t<div class=\"elementor-element elementor-element-c7bf380 e-con-full e-flex e-con e-parent\" data-id=\"c7bf380\" data-element_type=\"container\">\n\t\t\t\t<div class=\"elementor-element elementor-element-ca45b10 elementor-widget__width-initial elementor-widget elementor-widget-html\" data-id=\"ca45b10\" data-element_type=\"widget\" data-widget_type=\"html.default\">\n\t\t\t\t<div class=\"elementor-widget-container\">\n\t\t\t\t\t<!DOCTYPE html>\r\n<html lang=\"es\">\r\n<head>\r\n<meta charset=\"UTF-8\">\r\n<title>T\u00edtulo Tecnol\u00f3gico<\/title>\r\n\r\n<style>\r\n\/* ================================\r\n   T\u00cdTULO TECNOL\u00d3GICO CON DESTELLOS\r\n   ================================ *\/\r\n.titulo-destellos {\r\n    position: relative;\r\n    background: #192854; \/* Azul institucional oscuro *\/\r\n    padding: 35px 0;\r\n    text-align: center;\r\n    font-family: \"Segoe UI\", sans-serif;\r\n    overflow: hidden;\r\n}\r\n\r\n\/* Texto del t\u00edtulo *\/\r\n.titulo-destellos h2 {\r\n    color: #FFFFFF;\r\n    font-size: 28px;\r\n    font-weight: 700;\r\n    letter-spacing: 1px;\r\n    position: relative;\r\n    z-index: 10;\r\n    text-shadow: 0 0 8px rgba(255,255,255,0.7);\r\n}\r\n\r\n\/* L\u00edneas brillantes laterales *\/\r\n.titulo-destellos::before,\r\n.titulo-destellos::after {\r\n    content: \"\";\r\n    position: absolute;\r\n    top: 50%;\r\n    width: 43%;\r\n    height: 4px;\r\n    border-radius: 10px;\r\n    filter: blur(1px);\r\n    opacity: 0.95;\r\n}\r\n\r\n\/* L\u00ednea izquierda *\/\r\n.titulo-destellos::before {\r\n    left: 0;\r\n    background: linear-gradient(\r\n        90deg,\r\n        transparent,\r\n        rgba(136,192,213,0.4),\r\n        #88C0D5,\r\n        #4993CC,\r\n        #FFFFFF,\r\n        transparent\r\n    );\r\n    animation: destelloIzq 2.4s infinite ease-in-out;\r\n}\r\n\r\n\/* L\u00ednea derecha *\/\r\n.titulo-destellos::after {\r\n    right: 0;\r\n    background: linear-gradient(\r\n        90deg,\r\n        transparent,\r\n        #FFFFFF,\r\n        #4993CC,\r\n        #88C0D5,\r\n        rgba(136,192,213,0.4),\r\n        transparent\r\n    );\r\n    animation: destelloDer 2.4s infinite ease-in-out;\r\n}\r\n\r\n\/* Animaciones *\/\r\n@keyframes destelloIzq {\r\n    0% { transform: translateX(-40px); opacity: .3; }\r\n    50% { opacity: 1; }\r\n    100% { transform: translateX(40px); opacity: .3; }\r\n}\r\n\r\n@keyframes destelloDer {\r\n    0% { transform: translateX(40px); opacity: .3; }\r\n    50% { opacity: 1; }\r\n    100% { transform: translateX(-40px); opacity: .3; }\r\n}\r\n<\/style>\r\n\r\n<\/head>\r\n\r\n<body>\r\n\r\n<!-- =============================\r\n     T\u00cdTULO LISTO PARA USAR\r\n     ============================= -->\r\n<div class=\"titulo-destellos\">\r\n    <h2>Mis A\u00f1os Dorados<\/h2>\r\n<\/div>\r\n\r\n<\/body>\r\n<\/html>\r\n\t\t\t\t<\/div>\n\t\t\t\t<\/div>\n\t\t\t\t<\/div>\n\t\t<div class=\"elementor-element elementor-element-4474199 e-con-full e-flex e-con e-parent\" data-id=\"4474199\" data-element_type=\"container\">\n\t\t\t\t<div class=\"elementor-element elementor-element-89cb319 elementor-widget elementor-widget-html\" data-id=\"89cb319\" data-element_type=\"widget\" data-widget_type=\"html.default\">\n\t\t\t\t<div class=\"elementor-widget-container\">\n\t\t\t\t\t<style>\r\n\/* ============================================================\r\n   ESTILO TECNOL\u00d3GICO \u2013 MIS A\u00d1OS DORADOS (SOSEP)\r\n   ============================================================ *\/\r\n\r\n.mad-section {\r\n    font-family: \"Segoe UI\", sans-serif;\r\n    color: #0f172a;\r\n    line-height: 1.7;\r\n    max-width: 1200px;\r\n    margin: 40px auto 70px auto;\r\n    padding: 0 20px;\r\n}\r\n\r\n\/* Encabezado *\/\r\n.mad-header {\r\n    margin-bottom: 25px;\r\n}\r\n.mad-title {\r\n    font-size: 32px;\r\n    font-weight: 800;\r\n    color: #003366;\r\n}\r\n.mad-accent {\r\n    width: 160px;\r\n    height: 4px;\r\n    background: linear-gradient(90deg,#003366,#2563eb,#0ea5e9);\r\n    box-shadow: 0 0 16px rgba(37,99,235,0.35);\r\n    border-radius: 999px;\r\n    margin-top: 8px;\r\n}\r\n\r\n\/* Tarjetas principales *\/\r\n.mad-card {\r\n    display: flex;\r\n    gap: 28px;\r\n    align-items: center;\r\n    background: #ffffff;\r\n    border-radius: 20px;\r\n    padding: 26px;\r\n    margin: 40px 0;\r\n    box-shadow: 0 12px 32px rgba(15,23,42,0.10);\r\n    border-top: 5px solid #003366;\r\n}\r\n.reverse {\r\n    flex-direction: row-reverse;\r\n}\r\n\r\n\/* Texto *\/\r\n.mad-text {\r\n    flex: 1;\r\n}\r\n.mad-text h2 {\r\n    font-size: 24px;\r\n    font-weight: 700;\r\n    color: #003366;\r\n    margin-bottom: 12px;\r\n}\r\n\r\n\/* Im\u00e1genes *\/\r\n.mad-media {\r\n    width: 40%;\r\n    min-width: 260px;\r\n}\r\n.mad-media img {\r\n    width: 100%;\r\n    height: 260px;\r\n    border-radius: 16px;\r\n    object-fit: cover;\r\n    box-shadow: 0 10px 28px rgba(0,0,0,0.22);\r\n    transition: transform .25s ease;\r\n}\r\n.mad-media img:hover {\r\n    transform: scale(1.03);\r\n}\r\n\r\n\/* Listas *\/\r\n.mad-list {\r\n    padding-left: 20px;\r\n}\r\n.mad-list li {\r\n    margin-bottom: 7px;\r\n}\r\n\r\n\/* Galer\u00eda *\/\r\n.mad-gallery {\r\n    margin-top: 20px;\r\n    display: grid;\r\n    grid-template-columns: repeat(3, minmax(0, 1fr));\r\n    gap: 16px;\r\n}\r\n.mad-gallery img {\r\n    width: 100%;\r\n    height: 180px;\r\n    border-radius: 14px;\r\n    object-fit: cover;\r\n    box-shadow: 0 6px 18px rgba(15,23,42,0.25);\r\n    transition: transform .25s ease;\r\n}\r\n.mad-gallery img:hover {\r\n    transform: scale(1.04);\r\n}\r\n\r\n\/* Responsive *\/\r\n@media (max-width: 900px) {\r\n    .mad-card, .reverse {\r\n        flex-direction: column;\r\n    }\r\n    .mad-media {\r\n        width: 100%;\r\n    }\r\n}\r\n@media (max-width: 600px) {\r\n    .mad-gallery {\r\n        grid-template-columns: 1fr;\r\n    }\r\n}\r\n<\/style>\r\n\r\n\r\n<div class=\"mad-section\">\r\n\r\n    <!-- ====================== ENCABEZADO ====================== -->\r\n    <div class=\"mad-header\">\r\n        <h1 class=\"mad-title\">Programa Mis A\u00f1os Dorados<\/h1>\r\n        <div class=\"mad-accent\"><\/div>\r\n    <\/div>\r\n\r\n\r\n\r\n    <!-- ====================== CARD 1 \u2013 DESCRIPCI\u00d3N GENERAL ====================== -->\r\n    <div class=\"mad-card\">\r\n\r\n        <div class=\"mad-media\">\r\n            <img decoding=\"async\" src=\"https:\/\/sosep.gob.gt\/wp-content\/uploads\/2025\/12\/IMG_2973OLOPA_CHIQUIMULA_DRA_ZULMA_CALDERON_SR_PRESIDENTE_DE_LA_REPUBLICA_DRA_LUCRECIA_PEINADO_INAUGURACION_MAD_RECORRIDO_JORNADA_MEDICA-scaled.jpg\">\r\n        <\/div>\r\n\r\n        <div class=\"mad-text\">\r\n            <h2>Descripci\u00f3n General<\/h2>\r\n\r\n            <p>\r\n            El programa de Mis A\u00f1os Dorados, contribuye a mejorar la calidad de vida de los guatemaltecos mayores de 60 a\u00f1os, que viven en situaci\u00f3n de pobreza o pobreza extrema, el programa tiene presencia a nivel Nacional con 71 Centros de Atenci\u00f3n Diurna y 1 Permanente, en donde se realizan actividades f\u00edsicas, l\u00fadicas, recreativas, culturales, cierre de brecha generacional, atenci\u00f3n primaria en salud, alimentaci\u00f3n servida, actividades de estimulaci\u00f3n cognitiva, terapia ocupacional y atenci\u00f3n psicol\u00f3gicas.\r\n            <\/p>\r\n        <\/div>\r\n    <\/div>\r\n\r\n\r\n\r\n    <!-- ====================== CARD 2 \u2013 COMPONENTES ====================== -->\r\n    <div class=\"mad-card reverse\">\r\n\r\n        <div class=\"mad-media\">\r\n            <img decoding=\"async\" src=\"https:\/\/sosep.gob.gt\/wp-content\/uploads\/2025\/12\/DSC_0286INAUGURACION_MAD_DOLORES_PETEN-scaled.jpg\">\r\n        <\/div>\r\n\r\n        <div class=\"mad-text\">\r\n            <h2>Componentes<\/h2>\r\n\r\n            <p>Las actividades que se trabajan con los beneficiarios est\u00e1n enfocadas en 7 ejes de atenci\u00f3n:<\/p>\r\n\r\n            <ul class=\"mad-list\">\r\n                <li>Cultural: celebraci\u00f3n de cumplea\u00f1os, aniversario, actos c\u00edvicos, caminatas c\u00edvicas.<\/li>\r\n                <li>F\u00edsico recreativo; excursiones, ejercicios de motricidad gruesa adecuados a las personas mayores, bailes con la coordinaci\u00f3n con Ministerio de Cultura y Deportes MICUDE.<\/li>\r\n                <li>L\u00fadico: juegos de mesa, adivinanzas, juegos grupales.<\/li>\r\n                <li>Terapia Ocupacional: Manualidades, proyectos productivos, cuidado de huertos, ejercicios de motricidad fina.<\/li>\r\n                <li>Psicosocial; ejercicios de estimulaci\u00f3n cognitiva, atenci\u00f3n psicol\u00f3gica, grupal e individual, espiritualidad.<\/li>\r\n                <li>Educativo; jornadas de alfabetizaci\u00f3n con la coordinaci\u00f3n del Comit\u00e9 Nacional de Alfabetizaci\u00f3n, CONALFA.<\/li>\r\n                <li>Salud: charlas con temas de salud, jornadas m\u00e9dicas, nutricionales, odontol\u00f3gicas con el apoyo del Ministerio de Salud y Publica y Asistencia Social.<\/li>\r\n            <\/ul>\r\n        <\/div>\r\n    <\/div>\r\n\r\n\r\n\r\n    <!-- ====================== CARD 3 \u2013 REQUISITOS CAD ====================== -->\r\n    <div class=\"mad-card\">\r\n\r\n        <div class=\"mad-media\">\r\n            <img decoding=\"async\" src=\"https:\/\/sosep.gob.gt\/wp-content\/uploads\/2025\/12\/594081258_1307377588091294_3397595992074076672_n.jpg\">\r\n        <\/div>\r\n\r\n        <div class=\"mad-text\">\r\n            <h2>Requisitos ingresar a Centro de Atenci\u00f3n Diurna CAD<\/h2>\r\n\r\n            <ul class=\"mad-list\">\r\n                <li>Ser mayor de 60 a\u00f1os de edad.<\/li>\r\n                <li>Recurso econ\u00f3mico limitado.<\/li>\r\n                <li>Llenar el formulario electr\u00f3nico en el portal sosep.gob.gt o en la recepci\u00f3n de las sedes de la SOSEP.<\/li>\r\n                <li>Presentar Documento Personal de Identificaci\u00f3n -DPI- extendido por el Registro Nacional de las Personas -RENAP- de la Rep\u00fablica de Guatemala.<\/li>\r\n                <li>Brindar informaci\u00f3n para completar el estudio socioecon\u00f3mico realizado por el (la) trabajador(a) social; en el mismo se requerir\u00e1 que la persona no consuma ning\u00fan tipo de sustancias que produzcan adicci\u00f3n (alcohol, drogas, entre otros).<\/li>\r\n            <\/ul>\r\n        <\/div>\r\n    <\/div>\r\n\r\n\r\n\r\n    <!-- ====================== CARD 4 \u2013 REQUISITOS CAP ====================== -->\r\n    <div class=\"mad-card reverse\">\r\n\r\n        <div class=\"mad-media\">\r\n            <img decoding=\"async\" src=\"https:\/\/sosep.gob.gt\/wp-content\/uploads\/2025\/12\/J4A0154INAUGURACION_MAD_DOLORES_PETEN-scaled.jpg\">\r\n        <\/div>\r\n\r\n        <div class=\"mad-text\">\r\n            <h2>Requisitos ingresar a Centro de Atenci\u00f3n Permanente CAP<\/h2>\r\n\r\n            <ul class=\"mad-list\">\r\n                <li>Ser mayor de 60 a\u00f1os de edad.<\/li>\r\n                <li>Recurso econ\u00f3mico y familiar limitado.<\/li>\r\n                <li>Llenar el formulario electr\u00f3nico en el portal sosep.gob.gt o en la recepci\u00f3n de las sedes de la SOSEP.<\/li>\r\n                <li>Presentar Documento Personal de Identificaci\u00f3n -DPI- extendido por el Registro Nacional de las Personas -RENAP- de la Rep\u00fablica de Guatemala, (se except\u00faa la presentaci\u00f3n del DPI cuando el adulto mayor no cuente con este y sea referido por la Procuradur\u00eda General de la Naci\u00f3n u orden de Juez).<\/li>\r\n                <li>Brindar informaci\u00f3n de la persona para completar la evaluaci\u00f3n m\u00e9dica, psicol\u00f3gica y el estudio socioecon\u00f3mico realizado por el equipo multidisciplinario del Centro de Atenci\u00f3n.<\/li>\r\n                <li>Se requerir\u00e1 que la persona no consuma ning\u00fan tipo de sustancias que produzcan adicci\u00f3n (alcohol, drogas, entre otros).<\/li>\r\n                <li>Ingresar por voluntad propia o ser referido por la Procuradur\u00eda General de la Naci\u00f3n u orden de Juez competente.<\/li>\r\n            <\/ul>\r\n        <\/div>\r\n    <\/div>\r\n\r\n\r\n\r\n    <!-- ====================== GALER\u00cdA ====================== -->\r\n    <div class=\"mad-card mad-card-soft\">\r\n        <div class=\"mad-text\">\r\n            <h2>Galer\u00eda Fotogr\u00e1fica<\/h2>\r\n            <p>Im\u00e1genes referenciales de actividades dentro de los Centros de Atenci\u00f3n Diurna y Permanente.<\/p>\r\n\r\n            <div class=\"mad-gallery\">\r\n                <img decoding=\"async\" src=\"https:\/\/sosep.gob.gt\/wp-content\/uploads\/2025\/12\/DSC_0228INAUGURACION_MAD_DOLORES_PETEN-scaled.jpg\">\r\n                <img decoding=\"async\" src=\"https:\/\/sosep.gob.gt\/wp-content\/uploads\/2025\/12\/DSC_0205INAUGURACION_MAD_DOLORES_PETEN-scaled.jpg\">\r\n                <img decoding=\"async\" src=\"https:\/\/sosep.gob.gt\/wp-content\/uploads\/2025\/12\/J4A0252INAUGURACION_MAD_DOLORES_PETEN-scaled.jpg\">\r\n            <\/div>\r\n        <\/div>\r\n    <\/div>\r\n\r\n<\/div>\r\n\t\t\t\t<\/div>\n\t\t\t\t<\/div>\n\t\t\t\t<\/div>\n\t\t\t\t<\/div>\n\t\t","protected":false},"excerpt":{"rendered":"<p>T\u00edtulo Tecnol\u00f3gico Mis A\u00f1os Dorados Programa Mis A\u00f1os Dorados Descripci\u00f3n General El programa de Mis A\u00f1os Dorados, contribuye a mejorar la calidad de vida de los guatemaltecos mayores de 60 a\u00f1os, que viven en situaci\u00f3n de pobreza o pobreza extrema, el programa tiene presencia a nivel Nacional con 71 Centros de Atenci\u00f3n Diurna y 1 [&hellip;]<\/p>\n","protected":false},"author":1,"featured_media":0,"parent":0,"menu_order":0,"comment_status":"closed","ping_status":"closed","template":"elementor_header_footer","meta":{"_acf_changed":false,"footnotes":""},"class_list":["post-5045","page","type-page","status-publish","hentry"],"acf":[],"yoast_head":"<!-- This site is optimized with the Yoast SEO plugin v26.2 - https:\/\/yoast.com\/wordpress\/plugins\/seo\/ -->\n<title>Mis A\u00f1os Dorados - SOSEP<\/title>\n<meta name=\"robots\" content=\"index, follow, max-snippet:-1, max-image-preview:large, max-video-preview:-1\" \/>\n<link rel=\"canonical\" href=\"https:\/\/sosep.gob.gt\/index.php\/mis-anos-dorados\/\" \/>\n<meta property=\"og:locale\" content=\"es_ES\" \/>\n<meta property=\"og:type\" content=\"article\" \/>\n<meta property=\"og:title\" content=\"Mis A\u00f1os Dorados - SOSEP\" \/>\n<meta property=\"og:description\" content=\"T\u00edtulo Tecnol\u00f3gico Mis A\u00f1os Dorados Programa Mis A\u00f1os Dorados Descripci\u00f3n General El programa de Mis A\u00f1os Dorados, contribuye a mejorar la calidad de vida de los guatemaltecos mayores de 60 a\u00f1os, que viven en situaci\u00f3n de pobreza o pobreza extrema, el programa tiene presencia a nivel Nacional con 71 Centros de Atenci\u00f3n Diurna y 1 [&hellip;]\" \/>\n<meta property=\"og:url\" content=\"https:\/\/sosep.gob.gt\/index.php\/mis-anos-dorados\/\" \/>\n<meta property=\"og:site_name\" content=\"SOSEP\" \/>\n<meta property=\"article:modified_time\" content=\"2025-12-11T15:48:25+00:00\" \/>\n<meta property=\"og:image\" content=\"https:\/\/sosep.gob.gt\/\/wp-content\/uploads\/2025\/12\/IMG_2973OLOPA_CHIQUIMULA_DRA_ZULMA_CALDERON_SR_PRESIDENTE_DE_LA_REPUBLICA_DRA_LUCRECIA_PEINADO_INAUGURACION_MAD_RECORRIDO_JORNADA_MEDICA-scaled.jpg\" \/>\n<meta name=\"twitter:card\" content=\"summary_large_image\" \/>\n<meta name=\"twitter:label1\" content=\"Est. reading time\" \/>\n\t<meta name=\"twitter:data1\" content=\"4 minutos\" \/>\n<script type=\"application\/ld+json\" class=\"yoast-schema-graph\">{\"@context\":\"https:\/\/schema.org\",\"@graph\":[{\"@type\":\"WebPage\",\"@id\":\"https:\/\/sosep.gob.gt\/index.php\/mis-anos-dorados\/\",\"url\":\"https:\/\/sosep.gob.gt\/index.php\/mis-anos-dorados\/\",\"name\":\"Mis A\u00f1os Dorados - SOSEP\",\"isPartOf\":{\"@id\":\"https:\/\/sosep.gob.gt\/#website\"},\"primaryImageOfPage\":{\"@id\":\"https:\/\/sosep.gob.gt\/index.php\/mis-anos-dorados\/#primaryimage\"},\"image\":{\"@id\":\"https:\/\/sosep.gob.gt\/index.php\/mis-anos-dorados\/#primaryimage\"},\"thumbnailUrl\":\"https:\/\/sosep.gob.gt\/\/wp-content\/uploads\/2025\/12\/IMG_2973OLOPA_CHIQUIMULA_DRA_ZULMA_CALDERON_SR_PRESIDENTE_DE_LA_REPUBLICA_DRA_LUCRECIA_PEINADO_INAUGURACION_MAD_RECORRIDO_JORNADA_MEDICA-scaled.jpg\",\"datePublished\":\"2025-12-04T22:07:33+00:00\",\"dateModified\":\"2025-12-11T15:48:25+00:00\",\"breadcrumb\":{\"@id\":\"https:\/\/sosep.gob.gt\/index.php\/mis-anos-dorados\/#breadcrumb\"},\"inLanguage\":\"es\",\"potentialAction\":[{\"@type\":\"ReadAction\",\"target\":[\"https:\/\/sosep.gob.gt\/index.php\/mis-anos-dorados\/\"]}]},{\"@type\":\"ImageObject\",\"inLanguage\":\"es\",\"@id\":\"https:\/\/sosep.gob.gt\/index.php\/mis-anos-dorados\/#primaryimage\",\"url\":\"https:\/\/sosep.gob.gt\/wp-content\/uploads\/2025\/12\/IMG_2973OLOPA_CHIQUIMULA_DRA_ZULMA_CALDERON_SR_PRESIDENTE_DE_LA_REPUBLICA_DRA_LUCRECIA_PEINADO_INAUGURACION_MAD_RECORRIDO_JORNADA_MEDICA-scaled.jpg\",\"contentUrl\":\"https:\/\/sosep.gob.gt\/wp-content\/uploads\/2025\/12\/IMG_2973OLOPA_CHIQUIMULA_DRA_ZULMA_CALDERON_SR_PRESIDENTE_DE_LA_REPUBLICA_DRA_LUCRECIA_PEINADO_INAUGURACION_MAD_RECORRIDO_JORNADA_MEDICA-scaled.jpg\",\"width\":2560,\"height\":1707},{\"@type\":\"BreadcrumbList\",\"@id\":\"https:\/\/sosep.gob.gt\/index.php\/mis-anos-dorados\/#breadcrumb\",\"itemListElement\":[{\"@type\":\"ListItem\",\"position\":1,\"name\":\"Inicio\",\"item\":\"https:\/\/sosep.gob.gt\/\"},{\"@type\":\"ListItem\",\"position\":2,\"name\":\"Mis A\u00f1os Dorados\"}]},{\"@type\":\"WebSite\",\"@id\":\"https:\/\/sosep.gob.gt\/#website\",\"url\":\"https:\/\/sosep.gob.gt\/\",\"name\":\"SOSEP\",\"description\":\"Secretar\u00eda de Obras Sociales de la Esposa del Presidente de la Rep\u00fablica\",\"publisher\":{\"@id\":\"https:\/\/sosep.gob.gt\/#organization\"},\"potentialAction\":[{\"@type\":\"SearchAction\",\"target\":{\"@type\":\"EntryPoint\",\"urlTemplate\":\"https:\/\/sosep.gob.gt\/?s={search_term_string}\"},\"query-input\":{\"@type\":\"PropertyValueSpecification\",\"valueRequired\":true,\"valueName\":\"search_term_string\"}}],\"inLanguage\":\"es\"},{\"@type\":\"Organization\",\"@id\":\"https:\/\/sosep.gob.gt\/#organization\",\"name\":\"SOSEP\",\"url\":\"https:\/\/sosep.gob.gt\/\",\"logo\":{\"@type\":\"ImageObject\",\"inLanguage\":\"es\",\"@id\":\"https:\/\/sosep.gob.gt\/#\/schema\/logo\/image\/\",\"url\":\"https:\/\/sosep.gob.gt\/wp-content\/uploads\/2025\/08\/LOGOS-OFICIALES-SOSEP-01.png\",\"contentUrl\":\"https:\/\/sosep.gob.gt\/wp-content\/uploads\/2025\/08\/LOGOS-OFICIALES-SOSEP-01.png\",\"width\":1754,\"height\":867,\"caption\":\"SOSEP\"},\"image\":{\"@id\":\"https:\/\/sosep.gob.gt\/#\/schema\/logo\/image\/\"}}]}<\/script>\n<!-- \/ Yoast SEO plugin. -->","yoast_head_json":{"title":"Mis A\u00f1os Dorados - SOSEP","robots":{"index":"index","follow":"follow","max-snippet":"max-snippet:-1","max-image-preview":"max-image-preview:large","max-video-preview":"max-video-preview:-1"},"canonical":"https:\/\/sosep.gob.gt\/index.php\/mis-anos-dorados\/","og_locale":"es_ES","og_type":"article","og_title":"Mis A\u00f1os Dorados - SOSEP","og_description":"T\u00edtulo Tecnol\u00f3gico Mis A\u00f1os Dorados Programa Mis A\u00f1os Dorados Descripci\u00f3n General El programa de Mis A\u00f1os Dorados, contribuye a mejorar la calidad de vida de los guatemaltecos mayores de 60 a\u00f1os, que viven en situaci\u00f3n de pobreza o pobreza extrema, el programa tiene presencia a nivel Nacional con 71 Centros de Atenci\u00f3n Diurna y 1 [&hellip;]","og_url":"https:\/\/sosep.gob.gt\/index.php\/mis-anos-dorados\/","og_site_name":"SOSEP","article_modified_time":"2025-12-11T15:48:25+00:00","og_image":[{"url":"https:\/\/sosep.gob.gt\/\/wp-content\/uploads\/2025\/12\/IMG_2973OLOPA_CHIQUIMULA_DRA_ZULMA_CALDERON_SR_PRESIDENTE_DE_LA_REPUBLICA_DRA_LUCRECIA_PEINADO_INAUGURACION_MAD_RECORRIDO_JORNADA_MEDICA-scaled.jpg","type":"","width":"","height":""}],"twitter_card":"summary_large_image","twitter_misc":{"Est. reading time":"4 minutos"},"schema":{"@context":"https:\/\/schema.org","@graph":[{"@type":"WebPage","@id":"https:\/\/sosep.gob.gt\/index.php\/mis-anos-dorados\/","url":"https:\/\/sosep.gob.gt\/index.php\/mis-anos-dorados\/","name":"Mis A\u00f1os Dorados - SOSEP","isPartOf":{"@id":"https:\/\/sosep.gob.gt\/#website"},"primaryImageOfPage":{"@id":"https:\/\/sosep.gob.gt\/index.php\/mis-anos-dorados\/#primaryimage"},"image":{"@id":"https:\/\/sosep.gob.gt\/index.php\/mis-anos-dorados\/#primaryimage"},"thumbnailUrl":"https:\/\/sosep.gob.gt\/\/wp-content\/uploads\/2025\/12\/IMG_2973OLOPA_CHIQUIMULA_DRA_ZULMA_CALDERON_SR_PRESIDENTE_DE_LA_REPUBLICA_DRA_LUCRECIA_PEINADO_INAUGURACION_MAD_RECORRIDO_JORNADA_MEDICA-scaled.jpg","datePublished":"2025-12-04T22:07:33+00:00","dateModified":"2025-12-11T15:48:25+00:00","breadcrumb":{"@id":"https:\/\/sosep.gob.gt\/index.php\/mis-anos-dorados\/#breadcrumb"},"inLanguage":"es","potentialAction":[{"@type":"ReadAction","target":["https:\/\/sosep.gob.gt\/index.php\/mis-anos-dorados\/"]}]},{"@type":"ImageObject","inLanguage":"es","@id":"https:\/\/sosep.gob.gt\/index.php\/mis-anos-dorados\/#primaryimage","url":"https:\/\/sosep.gob.gt\/wp-content\/uploads\/2025\/12\/IMG_2973OLOPA_CHIQUIMULA_DRA_ZULMA_CALDERON_SR_PRESIDENTE_DE_LA_REPUBLICA_DRA_LUCRECIA_PEINADO_INAUGURACION_MAD_RECORRIDO_JORNADA_MEDICA-scaled.jpg","contentUrl":"https:\/\/sosep.gob.gt\/wp-content\/uploads\/2025\/12\/IMG_2973OLOPA_CHIQUIMULA_DRA_ZULMA_CALDERON_SR_PRESIDENTE_DE_LA_REPUBLICA_DRA_LUCRECIA_PEINADO_INAUGURACION_MAD_RECORRIDO_JORNADA_MEDICA-scaled.jpg","width":2560,"height":1707},{"@type":"BreadcrumbList","@id":"https:\/\/sosep.gob.gt\/index.php\/mis-anos-dorados\/#breadcrumb","itemListElement":[{"@type":"ListItem","position":1,"name":"Inicio","item":"https:\/\/sosep.gob.gt\/"},{"@type":"ListItem","position":2,"name":"Mis A\u00f1os Dorados"}]},{"@type":"WebSite","@id":"https:\/\/sosep.gob.gt\/#website","url":"https:\/\/sosep.gob.gt\/","name":"SOSEP","description":"Secretar\u00eda de Obras Sociales de la Esposa del Presidente de la Rep\u00fablica","publisher":{"@id":"https:\/\/sosep.gob.gt\/#organization"},"potentialAction":[{"@type":"SearchAction","target":{"@type":"EntryPoint","urlTemplate":"https:\/\/sosep.gob.gt\/?s={search_term_string}"},"query-input":{"@type":"PropertyValueSpecification","valueRequired":true,"valueName":"search_term_string"}}],"inLanguage":"es"},{"@type":"Organization","@id":"https:\/\/sosep.gob.gt\/#organization","name":"SOSEP","url":"https:\/\/sosep.gob.gt\/","logo":{"@type":"ImageObject","inLanguage":"es","@id":"https:\/\/sosep.gob.gt\/#\/schema\/logo\/image\/","url":"https:\/\/sosep.gob.gt\/wp-content\/uploads\/2025\/08\/LOGOS-OFICIALES-SOSEP-01.png","contentUrl":"https:\/\/sosep.gob.gt\/wp-content\/uploads\/2025\/08\/LOGOS-OFICIALES-SOSEP-01.png","width":1754,"height":867,"caption":"SOSEP"},"image":{"@id":"https:\/\/sosep.gob.gt\/#\/schema\/logo\/image\/"}}]}},"_links":{"self":[{"href":"https:\/\/sosep.gob.gt\/index.php\/wp-json\/wp\/v2\/pages\/5045","targetHints":{"allow":["GET"]}}],"collection":[{"href":"https:\/\/sosep.gob.gt\/index.php\/wp-json\/wp\/v2\/pages"}],"about":[{"href":"https:\/\/sosep.gob.gt\/index.php\/wp-json\/wp\/v2\/types\/page"}],"author":[{"embeddable":true,"href":"https:\/\/sosep.gob.gt\/index.php\/wp-json\/wp\/v2\/users\/1"}],"replies":[{"embeddable":true,"href":"https:\/\/sosep.gob.gt\/index.php\/wp-json\/wp\/v2\/comments?post=5045"}],"version-history":[{"count":16,"href":"https:\/\/sosep.gob.gt\/index.php\/wp-json\/wp\/v2\/pages\/5045\/revisions"}],"predecessor-version":[{"id":5207,"href":"https:\/\/sosep.gob.gt\/index.php\/wp-json\/wp\/v2\/pages\/5045\/revisions\/5207"}],"wp:attachment":[{"href":"https:\/\/sosep.gob.gt\/index.php\/wp-json\/wp\/v2\/media?parent=5045"}],"curies":[{"name":"wp","href":"https:\/\/api.w.org\/{rel}","templated":true}]}}