{"id":4696,"date":"2025-11-17T13:43:43","date_gmt":"2025-11-17T19:43:43","guid":{"rendered":"https:\/\/sosep.gob.gt\/\/?page_id=4696"},"modified":"2025-12-18T10:33:00","modified_gmt":"2025-12-18T16:33:00","slug":"rendicion-de-cuentas","status":"publish","type":"page","link":"https:\/\/sosep.gob.gt\/index.php\/rendicion-de-cuentas\/","title":{"rendered":"Rendici\u00f3n de Cuentas"},"content":{"rendered":"\t\t<div data-elementor-type=\"wp-page\" data-elementor-id=\"4696\" class=\"elementor elementor-4696\" data-elementor-post-type=\"page\">\n\t\t\t\t<div class=\"elementor-element elementor-element-b3378f9 e-con-full e-flex e-con e-parent\" data-id=\"b3378f9\" data-element_type=\"container\">\n\t\t\t\t<div class=\"elementor-element elementor-element-a23be87 elementor-widget__width-initial elementor-widget elementor-widget-html\" data-id=\"a23be87\" data-element_type=\"widget\" data-widget_type=\"html.default\">\n\t\t\t\t<div class=\"elementor-widget-container\">\n\t\t\t\t\t<!DOCTYPE html>\r\n<html lang=\"es\">\r\n<head>\r\n<meta charset=\"UTF-8\">\r\n<title>T\u00edtulo Tecnol\u00f3gico<\/title>\r\n\r\n<style>\r\n\/* ================================\r\n   T\u00cdTULO TECNOL\u00d3GICO CON DESTELLOS\r\n   ================================ *\/\r\n.titulo-destellos {\r\n    position: relative;\r\n    background: #192854; \/* Azul institucional oscuro *\/\r\n    padding: 35px 0;\r\n    text-align: center;\r\n    font-family: \"Segoe UI\", sans-serif;\r\n    overflow: hidden;\r\n}\r\n\r\n\/* Texto del t\u00edtulo *\/\r\n.titulo-destellos h2 {\r\n    color: #FFFFFF;\r\n    font-size: 28px;\r\n    font-weight: 700;\r\n    letter-spacing: 1px;\r\n    position: relative;\r\n    z-index: 10;\r\n    text-shadow: 0 0 8px rgba(255,255,255,0.7);\r\n}\r\n\r\n\/* L\u00edneas brillantes laterales *\/\r\n.titulo-destellos::before,\r\n.titulo-destellos::after {\r\n    content: \"\";\r\n    position: absolute;\r\n    top: 50%;\r\n    width: 43%;\r\n    height: 4px;\r\n    border-radius: 10px;\r\n    filter: blur(1px);\r\n    opacity: 0.95;\r\n}\r\n\r\n\/* L\u00ednea izquierda *\/\r\n.titulo-destellos::before {\r\n    left: 0;\r\n    background: linear-gradient(\r\n        90deg,\r\n        transparent,\r\n        rgba(136,192,213,0.4),\r\n        #88C0D5,\r\n        #4993CC,\r\n        #FFFFFF,\r\n        transparent\r\n    );\r\n    animation: destelloIzq 2.4s infinite ease-in-out;\r\n}\r\n\r\n\/* L\u00ednea derecha *\/\r\n.titulo-destellos::after {\r\n    right: 0;\r\n    background: linear-gradient(\r\n        90deg,\r\n        transparent,\r\n        #FFFFFF,\r\n        #4993CC,\r\n        #88C0D5,\r\n        rgba(136,192,213,0.4),\r\n        transparent\r\n    );\r\n    animation: destelloDer 2.4s infinite ease-in-out;\r\n}\r\n\r\n\/* Animaciones *\/\r\n@keyframes destelloIzq {\r\n    0% { transform: translateX(-40px); opacity: .3; }\r\n    50% { opacity: 1; }\r\n    100% { transform: translateX(40px); opacity: .3; }\r\n}\r\n\r\n@keyframes destelloDer {\r\n    0% { transform: translateX(40px); opacity: .3; }\r\n    50% { opacity: 1; }\r\n    100% { transform: translateX(-40px); opacity: .3; }\r\n}\r\n<\/style>\r\n\r\n<\/head>\r\n\r\n<body>\r\n\r\n<!-- =============================\r\n     T\u00cdTULO LISTO PARA USAR\r\n     ============================= -->\r\n<div class=\"titulo-destellos\">\r\n    <h2>Rendici\u00f3n de Cuentas<\/h2>\r\n<\/div>\r\n\r\n<\/body>\r\n<\/html>\r\n\t\t\t\t<\/div>\n\t\t\t\t<\/div>\n\t\t\t\t<\/div>\n\t\t<div class=\"elementor-element elementor-element-4c22da6 e-flex e-con-boxed e-con e-parent\" data-id=\"4c22da6\" data-element_type=\"container\" data-settings=\"{&quot;background_background&quot;:&quot;classic&quot;}\">\n\t\t\t\t\t<div class=\"e-con-inner\">\n\t\t<div class=\"elementor-element elementor-element-d573c20 e-con-full e-flex e-con e-child\" data-id=\"d573c20\" data-element_type=\"container\">\n\t\t\t\t<div class=\"elementor-element elementor-element-4781a1a elementor-widget__width-initial elementor-widget elementor-widget-html\" data-id=\"4781a1a\" data-element_type=\"widget\" data-widget_type=\"html.default\">\n\t\t\t\t<div class=\"elementor-widget-container\">\n\t\t\t\t\t<iframe width=\"1200\" height=\"1200\" src=\"https:\/\/lookerstudio.google.com\/embed\/reporting\/94c20f46-b37e-4c3a-a8ca-7df3df14236c\/page\/gUrfF\" frameborder=\"0\" style=\"border:0\" allowfullscreen sandbox=\"allow-storage-access-by-user-activation allow-scripts allow-same-origin allow-popups allow-popups-to-escape-sandbox\"><\/iframe>\t\t\t\t<\/div>\n\t\t\t\t<\/div>\n\t\t\t\t<\/div>\n\t\t\t\t\t<\/div>\n\t\t\t\t<\/div>\n\t\t\t\t<\/div>\n\t\t","protected":false},"excerpt":{"rendered":"<p>T\u00edtulo Tecnol\u00f3gico Rendici\u00f3n de Cuentas<\/p>\n","protected":false},"author":1,"featured_media":0,"parent":0,"menu_order":0,"comment_status":"closed","ping_status":"closed","template":"elementor_header_footer","meta":{"_acf_changed":false,"footnotes":""},"class_list":["post-4696","page","type-page","status-publish","hentry"],"acf":[],"yoast_head":"<!-- This site is optimized with the Yoast SEO plugin v26.2 - https:\/\/yoast.com\/wordpress\/plugins\/seo\/ -->\n<title>Rendici\u00f3n de Cuentas - SOSEP<\/title>\n<meta name=\"robots\" content=\"index, follow, max-snippet:-1, max-image-preview:large, max-video-preview:-1\" \/>\n<link rel=\"canonical\" href=\"https:\/\/sosep.gob.gt\/index.php\/rendicion-de-cuentas\/\" \/>\n<meta property=\"og:locale\" content=\"es_ES\" \/>\n<meta property=\"og:type\" content=\"article\" \/>\n<meta property=\"og:title\" content=\"Rendici\u00f3n de Cuentas - SOSEP\" \/>\n<meta property=\"og:description\" content=\"T\u00edtulo Tecnol\u00f3gico Rendici\u00f3n de Cuentas\" \/>\n<meta property=\"og:url\" content=\"https:\/\/sosep.gob.gt\/index.php\/rendicion-de-cuentas\/\" \/>\n<meta property=\"og:site_name\" content=\"SOSEP\" \/>\n<meta property=\"article:modified_time\" content=\"2025-12-18T16:33:00+00:00\" \/>\n<meta name=\"twitter:card\" content=\"summary_large_image\" \/>\n<meta name=\"twitter:label1\" content=\"Est. reading time\" \/>\n\t<meta name=\"twitter:data1\" content=\"1 minuto\" \/>\n<script type=\"application\/ld+json\" class=\"yoast-schema-graph\">{\"@context\":\"https:\/\/schema.org\",\"@graph\":[{\"@type\":\"WebPage\",\"@id\":\"https:\/\/sosep.gob.gt\/index.php\/rendicion-de-cuentas\/\",\"url\":\"https:\/\/sosep.gob.gt\/index.php\/rendicion-de-cuentas\/\",\"name\":\"Rendici\u00f3n de Cuentas - SOSEP\",\"isPartOf\":{\"@id\":\"https:\/\/sosep.gob.gt\/#website\"},\"datePublished\":\"2025-11-17T19:43:43+00:00\",\"dateModified\":\"2025-12-18T16:33:00+00:00\",\"breadcrumb\":{\"@id\":\"https:\/\/sosep.gob.gt\/index.php\/rendicion-de-cuentas\/#breadcrumb\"},\"inLanguage\":\"es\",\"potentialAction\":[{\"@type\":\"ReadAction\",\"target\":[\"https:\/\/sosep.gob.gt\/index.php\/rendicion-de-cuentas\/\"]}]},{\"@type\":\"BreadcrumbList\",\"@id\":\"https:\/\/sosep.gob.gt\/index.php\/rendicion-de-cuentas\/#breadcrumb\",\"itemListElement\":[{\"@type\":\"ListItem\",\"position\":1,\"name\":\"Inicio\",\"item\":\"https:\/\/sosep.gob.gt\/\"},{\"@type\":\"ListItem\",\"position\":2,\"name\":\"Rendici\u00f3n de Cuentas\"}]},{\"@type\":\"WebSite\",\"@id\":\"https:\/\/sosep.gob.gt\/#website\",\"url\":\"https:\/\/sosep.gob.gt\/\",\"name\":\"SOSEP\",\"description\":\"Secretar\u00eda de Obras Sociales de la Esposa del Presidente de la Rep\u00fablica\",\"publisher\":{\"@id\":\"https:\/\/sosep.gob.gt\/#organization\"},\"potentialAction\":[{\"@type\":\"SearchAction\",\"target\":{\"@type\":\"EntryPoint\",\"urlTemplate\":\"https:\/\/sosep.gob.gt\/?s={search_term_string}\"},\"query-input\":{\"@type\":\"PropertyValueSpecification\",\"valueRequired\":true,\"valueName\":\"search_term_string\"}}],\"inLanguage\":\"es\"},{\"@type\":\"Organization\",\"@id\":\"https:\/\/sosep.gob.gt\/#organization\",\"name\":\"SOSEP\",\"url\":\"https:\/\/sosep.gob.gt\/\",\"logo\":{\"@type\":\"ImageObject\",\"inLanguage\":\"es\",\"@id\":\"https:\/\/sosep.gob.gt\/#\/schema\/logo\/image\/\",\"url\":\"https:\/\/sosep.gob.gt\/wp-content\/uploads\/2025\/08\/LOGOS-OFICIALES-SOSEP-01.png\",\"contentUrl\":\"https:\/\/sosep.gob.gt\/wp-content\/uploads\/2025\/08\/LOGOS-OFICIALES-SOSEP-01.png\",\"width\":1754,\"height\":867,\"caption\":\"SOSEP\"},\"image\":{\"@id\":\"https:\/\/sosep.gob.gt\/#\/schema\/logo\/image\/\"}}]}<\/script>\n<!-- \/ Yoast SEO plugin. -->","yoast_head_json":{"title":"Rendici\u00f3n de Cuentas - SOSEP","robots":{"index":"index","follow":"follow","max-snippet":"max-snippet:-1","max-image-preview":"max-image-preview:large","max-video-preview":"max-video-preview:-1"},"canonical":"https:\/\/sosep.gob.gt\/index.php\/rendicion-de-cuentas\/","og_locale":"es_ES","og_type":"article","og_title":"Rendici\u00f3n de Cuentas - SOSEP","og_description":"T\u00edtulo Tecnol\u00f3gico Rendici\u00f3n de Cuentas","og_url":"https:\/\/sosep.gob.gt\/index.php\/rendicion-de-cuentas\/","og_site_name":"SOSEP","article_modified_time":"2025-12-18T16:33:00+00:00","twitter_card":"summary_large_image","twitter_misc":{"Est. reading time":"1 minuto"},"schema":{"@context":"https:\/\/schema.org","@graph":[{"@type":"WebPage","@id":"https:\/\/sosep.gob.gt\/index.php\/rendicion-de-cuentas\/","url":"https:\/\/sosep.gob.gt\/index.php\/rendicion-de-cuentas\/","name":"Rendici\u00f3n de Cuentas - SOSEP","isPartOf":{"@id":"https:\/\/sosep.gob.gt\/#website"},"datePublished":"2025-11-17T19:43:43+00:00","dateModified":"2025-12-18T16:33:00+00:00","breadcrumb":{"@id":"https:\/\/sosep.gob.gt\/index.php\/rendicion-de-cuentas\/#breadcrumb"},"inLanguage":"es","potentialAction":[{"@type":"ReadAction","target":["https:\/\/sosep.gob.gt\/index.php\/rendicion-de-cuentas\/"]}]},{"@type":"BreadcrumbList","@id":"https:\/\/sosep.gob.gt\/index.php\/rendicion-de-cuentas\/#breadcrumb","itemListElement":[{"@type":"ListItem","position":1,"name":"Inicio","item":"https:\/\/sosep.gob.gt\/"},{"@type":"ListItem","position":2,"name":"Rendici\u00f3n de Cuentas"}]},{"@type":"WebSite","@id":"https:\/\/sosep.gob.gt\/#website","url":"https:\/\/sosep.gob.gt\/","name":"SOSEP","description":"Secretar\u00eda de Obras Sociales de la Esposa del Presidente de la Rep\u00fablica","publisher":{"@id":"https:\/\/sosep.gob.gt\/#organization"},"potentialAction":[{"@type":"SearchAction","target":{"@type":"EntryPoint","urlTemplate":"https:\/\/sosep.gob.gt\/?s={search_term_string}"},"query-input":{"@type":"PropertyValueSpecification","valueRequired":true,"valueName":"search_term_string"}}],"inLanguage":"es"},{"@type":"Organization","@id":"https:\/\/sosep.gob.gt\/#organization","name":"SOSEP","url":"https:\/\/sosep.gob.gt\/","logo":{"@type":"ImageObject","inLanguage":"es","@id":"https:\/\/sosep.gob.gt\/#\/schema\/logo\/image\/","url":"https:\/\/sosep.gob.gt\/wp-content\/uploads\/2025\/08\/LOGOS-OFICIALES-SOSEP-01.png","contentUrl":"https:\/\/sosep.gob.gt\/wp-content\/uploads\/2025\/08\/LOGOS-OFICIALES-SOSEP-01.png","width":1754,"height":867,"caption":"SOSEP"},"image":{"@id":"https:\/\/sosep.gob.gt\/#\/schema\/logo\/image\/"}}]}},"_links":{"self":[{"href":"https:\/\/sosep.gob.gt\/index.php\/wp-json\/wp\/v2\/pages\/4696","targetHints":{"allow":["GET"]}}],"collection":[{"href":"https:\/\/sosep.gob.gt\/index.php\/wp-json\/wp\/v2\/pages"}],"about":[{"href":"https:\/\/sosep.gob.gt\/index.php\/wp-json\/wp\/v2\/types\/page"}],"author":[{"embeddable":true,"href":"https:\/\/sosep.gob.gt\/index.php\/wp-json\/wp\/v2\/users\/1"}],"replies":[{"embeddable":true,"href":"https:\/\/sosep.gob.gt\/index.php\/wp-json\/wp\/v2\/comments?post=4696"}],"version-history":[{"count":55,"href":"https:\/\/sosep.gob.gt\/index.php\/wp-json\/wp\/v2\/pages\/4696\/revisions"}],"predecessor-version":[{"id":5354,"href":"https:\/\/sosep.gob.gt\/index.php\/wp-json\/wp\/v2\/pages\/4696\/revisions\/5354"}],"wp:attachment":[{"href":"https:\/\/sosep.gob.gt\/index.php\/wp-json\/wp\/v2\/media?parent=4696"}],"curies":[{"name":"wp","href":"https:\/\/api.w.org\/{rel}","templated":true}]}}