{"id":2710,"date":"2025-09-10T15:28:09","date_gmt":"2025-09-10T21:28:09","guid":{"rendered":"https:\/\/sosep.gob.gt\/\/?page_id=2710"},"modified":"2025-12-11T09:08:15","modified_gmt":"2025-12-11T15:08:15","slug":"elementor-2710","status":"publish","type":"page","link":"https:\/\/sosep.gob.gt\/index.php\/elementor-2710\/","title":{"rendered":"Sobre Nosotros"},"content":{"rendered":"\t\t<div data-elementor-type=\"wp-page\" data-elementor-id=\"2710\" class=\"elementor elementor-2710\" data-elementor-post-type=\"page\">\n\t\t\t\t<div class=\"elementor-element elementor-element-328c2cb e-con-full e-flex e-con e-parent\" data-id=\"328c2cb\" data-element_type=\"container\" data-settings=\"{&quot;background_background&quot;:&quot;classic&quot;}\">\n\t\t\t\t<div class=\"elementor-element elementor-element-f7575a1 elementor-widget elementor-widget-breadcrumbs\" data-id=\"f7575a1\" data-element_type=\"widget\" id=\"breadcrumbs\" data-widget_type=\"breadcrumbs.default\">\n\t\t\t\t<div class=\"elementor-widget-container\">\n\t\t\t\t\t<p id=\"breadcrumbs\"><span><span><a href=\"https:\/\/sosep.gob.gt\/\">Inicio<\/a><\/span><\/span><\/p>\t\t\t\t<\/div>\n\t\t\t\t<\/div>\n\t\t\t\t<\/div>\n\t\t<div class=\"elementor-element elementor-element-86d0617 e-con-full e-flex e-con e-parent\" data-id=\"86d0617\" data-element_type=\"container\" data-settings=\"{&quot;background_background&quot;:&quot;classic&quot;}\">\n\t\t\t\t<div class=\"elementor-element elementor-element-a32e6d9 elementor-widget elementor-widget-html\" data-id=\"a32e6d9\" data-element_type=\"widget\" data-widget_type=\"html.default\">\n\t\t\t\t<div class=\"elementor-widget-container\">\n\t\t\t\t\t<div class=\"modern-line-wrapper\">\r\n  <div class=\"line\"><\/div>\r\n  <span>Sobre Nosotros<\/span>\r\n  <div class=\"line\"><\/div>\r\n<\/div>\r\n\t\t\t\t<\/div>\n\t\t\t\t<\/div>\n\t\t\t\t<\/div>\n\t\t<div class=\"elementor-element elementor-element-5ba94c5 e-con-full e-flex e-con e-parent\" data-id=\"5ba94c5\" data-element_type=\"container\">\n\t\t<div class=\"elementor-element elementor-element-bc19b2b e-con-full e-flex e-con e-child\" data-id=\"bc19b2b\" data-element_type=\"container\">\n\t\t\t\t<div class=\"elementor-element elementor-element-821ed63 elementor-widget elementor-widget-html\" data-id=\"821ed63\" data-element_type=\"widget\" data-widget_type=\"html.default\">\n\t\t\t\t<div class=\"elementor-widget-container\">\n\t\t\t\t\t<div class=\"acerca-sosep-box\"> \r\n  <p>\r\n    La Secretar\u00eda de Obras Sociales de la Esposa del Presidente de la Rep\u00fablica (SOSEP) fue creada mediante el Acuerdo Gubernativo No. 893-91, de fecha 22 de noviembre de 1991, como una dependencia de apoyo a las funciones del Presidente de la Rep\u00fablica. Su labor se centra en coordinar, ejecutar y fortalecer acciones sociales dirigidas a los sectores m\u00e1s vulnerables de la poblaci\u00f3n guatemalteca, promoviendo la equidad, la inclusi\u00f3n y el desarrollo humano.\r\n  <\/p>\r\n\r\n  <p>\r\n    A trav\u00e9s de sus programas y proyectos, SOSEP atiende \u00e1reas prioritarias como la protecci\u00f3n a la primera infancia, el empoderamiento de la mujer, la asistencia a adultos mayores y el fortalecimiento comunitario. Su trabajo se articula con instituciones p\u00fablicas, organizaciones civiles y cooperaci\u00f3n internacional, con el objetivo de contribuir al bienestar social y mejorar las condiciones de vida en todo el territorio nacional.\r\n  <\/p>\r\n<\/div>\r\n\r\n<style>\r\n  .acerca-sosep-box p {\r\n    text-align: justify;\r\n    text-justify: inter-word;\r\n    font-size: 25px;\r\n    line-height: 1.8;\r\n    color: #1A2634;\r\n    font-family: 'open Sans-Serif', sans-serif;\r\n    margin-bottom: 1.5em;\r\n  }\r\n\r\n  \/* Primera letra decorativa solo en el primer p\u00e1rrafo *\/\r\n  .acerca-sosep-box p:first-of-type::first-letter {\r\n    float: left;\r\n    font-size: 3.2em;\r\n    line-height: 1;\r\n    padding-right: 10px;\r\n    font-weight: bold;\r\n    color: #192854;\r\n    font-family: 'open Sans-Serif', serif;\r\n  }\r\n<\/style>\r\n\t\t\t\t<\/div>\n\t\t\t\t<\/div>\n\t\t\t\t<\/div>\n\t\t<div class=\"elementor-element elementor-element-4755794 e-con-full e-flex e-con e-child\" data-id=\"4755794\" data-element_type=\"container\">\n\t\t<div class=\"elementor-element elementor-element-bb42dc8 e-con-full e-flex e-con e-child\" data-id=\"bb42dc8\" data-element_type=\"container\">\n\t\t\t\t<div class=\"elementor-element elementor-element-eb692e1 elementor-widget elementor-widget-image\" data-id=\"eb692e1\" data-element_type=\"widget\" data-widget_type=\"image.default\">\n\t\t\t\t<div class=\"elementor-widget-container\">\n\t\t\t\t\t\t\t\t\t\t\t\t\t\t\t<img fetchpriority=\"high\" decoding=\"async\" width=\"1600\" height=\"1066\" src=\"https:\/\/sosep.gob.gt\/wp-content\/uploads\/2025\/09\/WhatsApp-Image-2025-09-25-at-7.59.58-AM.jpeg\" class=\"attachment-full size-full wp-image-3362\" alt=\"\" srcset=\"https:\/\/sosep.gob.gt\/wp-content\/uploads\/2025\/09\/WhatsApp-Image-2025-09-25-at-7.59.58-AM.jpeg 1600w, https:\/\/sosep.gob.gt\/wp-content\/uploads\/2025\/09\/WhatsApp-Image-2025-09-25-at-7.59.58-AM-300x200.jpeg 300w, https:\/\/sosep.gob.gt\/wp-content\/uploads\/2025\/09\/WhatsApp-Image-2025-09-25-at-7.59.58-AM-768x512.jpeg 768w, https:\/\/sosep.gob.gt\/wp-content\/uploads\/2025\/09\/WhatsApp-Image-2025-09-25-at-7.59.58-AM-1024x682.jpeg 1024w, https:\/\/sosep.gob.gt\/wp-content\/uploads\/2025\/09\/WhatsApp-Image-2025-09-25-at-7.59.58-AM-1536x1023.jpeg 1536w, https:\/\/sosep.gob.gt\/wp-content\/uploads\/2025\/09\/WhatsApp-Image-2025-09-25-at-7.59.58-AM-550x367.jpeg 550w, https:\/\/sosep.gob.gt\/wp-content\/uploads\/2025\/09\/WhatsApp-Image-2025-09-25-at-7.59.58-AM-600x400.jpeg 600w\" sizes=\"(max-width: 1600px) 100vw, 1600px\" \/>\t\t\t\t\t\t\t\t\t\t\t\t\t\t\t<\/div>\n\t\t\t\t<\/div>\n\t\t\t\t<\/div>\n\t\t<div class=\"elementor-element elementor-element-14e0a7d e-con-full e-flex e-con e-child\" data-id=\"14e0a7d\" data-element_type=\"container\">\n\t\t\t\t<div class=\"elementor-element elementor-element-0a4a091 elementor-widget elementor-widget-image\" data-id=\"0a4a091\" data-element_type=\"widget\" data-widget_type=\"image.default\">\n\t\t\t\t<div class=\"elementor-widget-container\">\n\t\t\t\t\t\t\t\t\t\t\t\t\t\t\t<img decoding=\"async\" width=\"1600\" height=\"1068\" src=\"https:\/\/sosep.gob.gt\/wp-content\/uploads\/2025\/09\/WhatsApp-Image-2025-09-25-at-8.01.00-AM.jpeg\" class=\"attachment-full size-full wp-image-3364\" alt=\"\" srcset=\"https:\/\/sosep.gob.gt\/wp-content\/uploads\/2025\/09\/WhatsApp-Image-2025-09-25-at-8.01.00-AM.jpeg 1600w, https:\/\/sosep.gob.gt\/wp-content\/uploads\/2025\/09\/WhatsApp-Image-2025-09-25-at-8.01.00-AM-300x200.jpeg 300w, https:\/\/sosep.gob.gt\/wp-content\/uploads\/2025\/09\/WhatsApp-Image-2025-09-25-at-8.01.00-AM-768x513.jpeg 768w, https:\/\/sosep.gob.gt\/wp-content\/uploads\/2025\/09\/WhatsApp-Image-2025-09-25-at-8.01.00-AM-1024x684.jpeg 1024w, https:\/\/sosep.gob.gt\/wp-content\/uploads\/2025\/09\/WhatsApp-Image-2025-09-25-at-8.01.00-AM-1536x1025.jpeg 1536w, https:\/\/sosep.gob.gt\/wp-content\/uploads\/2025\/09\/WhatsApp-Image-2025-09-25-at-8.01.00-AM-550x367.jpeg 550w, https:\/\/sosep.gob.gt\/wp-content\/uploads\/2025\/09\/WhatsApp-Image-2025-09-25-at-8.01.00-AM-600x401.jpeg 600w\" sizes=\"(max-width: 1600px) 100vw, 1600px\" \/>\t\t\t\t\t\t\t\t\t\t\t\t\t\t\t<\/div>\n\t\t\t\t<\/div>\n\t\t\t\t<\/div>\n\t\t\t\t<\/div>\n\t\t\t\t<\/div>\n\t\t<div class=\"elementor-element elementor-element-936cd7d e-con-full e-flex e-con e-parent\" data-id=\"936cd7d\" data-element_type=\"container\" data-settings=\"{&quot;background_background&quot;:&quot;classic&quot;}\">\n\t\t\t\t<div class=\"elementor-element elementor-element-cbfd28b elementor-widget elementor-widget-html\" data-id=\"cbfd28b\" data-element_type=\"widget\" data-widget_type=\"html.default\">\n\t\t\t\t<div class=\"elementor-widget-container\">\n\t\t\t\t\t<div class=\"modern-line-wrapper\">\r\n  <div class=\"line\"><\/div>\r\n  <span>Nuestras Autoridades<\/span>\r\n  <div class=\"line\"><\/div>\r\n<\/div>\r\n\t\t\t\t<\/div>\n\t\t\t\t<\/div>\n\t\t\t\t<\/div>\n\t\t<div class=\"elementor-element elementor-element-25dcc9c e-con-full e-flex e-con e-parent\" data-id=\"25dcc9c\" data-element_type=\"container\">\n\t\t\t\t<div class=\"elementor-element elementor-element-7352f04 elementor-widget elementor-widget-html\" data-id=\"7352f04\" data-element_type=\"widget\" data-widget_type=\"html.default\">\n\t\t\t\t<div class=\"elementor-widget-container\">\n\t\t\t\t\t<style>\r\n\/* ====== ESTILOS GENERALES ====== *\/\r\n.directorio-container {\r\n    max-width: 1250px;\r\n    margin: 40px auto;\r\n    display: grid;\r\n    grid-template-columns: repeat(auto-fit, minmax(320px, 1fr));\r\n    gap: 28px;\r\n    font-family: \"Segoe UI\", sans-serif;\r\n}\r\n\r\n\/* ====== TARJETA ====== *\/\r\n.directorio-card {\r\n    background: #ffffff;\r\n    border-radius: 18px;\r\n    overflow: hidden;\r\n    box-shadow: 0 8px 25px rgba(0,0,0,0.12);\r\n    transition: transform .25s ease, box-shadow .25s ease;\r\n    border-top: 5px solid #003366; \/* Color institucional *\/\r\n}\r\n\r\n\/* Hover efecto profesional *\/\r\n.directorio-card:hover {\r\n    transform: translateY(-6px);\r\n    box-shadow: 0 15px 40px rgba(0,0,0,0.18);\r\n}\r\n\r\n\/* Imagen *\/\r\n.directorio-card img {\r\n    width: 100%;\r\n    height: 330px;\r\n    object-fit: cover;\r\n    display: block;\r\n}\r\n\r\n\/* Nombre y cargo *\/\r\n.directorio-info {\r\n    padding: 18px 22px;\r\n    text-align: center;\r\n}\r\n\r\n.directorio-info .nombre {\r\n    font-size: 18px;\r\n    font-weight: 700;\r\n    color: #003366;\r\n    margin-bottom: 6px;\r\n}\r\n\r\n.directorio-info .cargo {\r\n    font-size: 15px;\r\n    color: #333;\r\n    line-height: 1.4;\r\n}\r\n<\/style>\r\n\r\n<!-- ====== HTML ====== -->\r\n<div class=\"directorio-container\">\r\n\r\n    <!-- Tarjeta 1 -->\r\n    <div class=\"directorio-card\">\r\n        <img decoding=\"async\" src=\"https:\/\/sosep.gob.gt\/wp-content\/uploads\/2024\/04\/ZULMA.jpg\" alt=\"\">\r\n        <div class=\"directorio-info\">\r\n            <div class=\"nombre\">Dra. Zulma Melizza Calder\u00f3n Ordo\u00f1ez<\/div>\r\n            <div class=\"cargo\">Secretaria de Obras Sociales de la Esposa del Presidente de la Rep\u00fablica<\/div>\r\n        <\/div>\r\n    <\/div>\r\n\r\n    <!-- Tarjeta 2 -->\r\n    <div class=\"directorio-card\">\r\n        <img decoding=\"async\" src=\"https:\/\/sosep.gob.gt\/wp-content\/uploads\/2024\/04\/SUBSECRETARIO.jpg\" alt=\"\">\r\n        <div class=\"directorio-info\">\r\n            <div class=\"nombre\">Lic. Byron Estuardo Terr\u00e9 Acosta<\/div>\r\n            <div class=\"cargo\">Subsecretario Administrativo Financiero<\/div>\r\n        <\/div>\r\n    <\/div>\r\n\r\n    <!-- Tarjeta 3 -->\r\n    <div class=\"directorio-card\">\r\n        <img decoding=\"async\" src=\"https:\/\/sosep.gob.gt\/wp-content\/uploads\/2024\/04\/SUBSECRETARIA.jpg\" alt=\"\">\r\n        <div class=\"directorio-info\">\r\n            <div class=\"nombre\">Lcda. Aleydy Natalee Contreras Maldonado<\/div>\r\n            <div class=\"cargo\">Subsecretaria de Promoci\u00f3n Social<\/div>\r\n        <\/div>\r\n    <\/div>\r\n\r\n<\/div>\r\n\t\t\t\t<\/div>\n\t\t\t\t<\/div>\n\t\t\t\t<\/div>\n\t\t<div class=\"elementor-element elementor-element-8483436 e-con-full e-flex e-con e-parent\" data-id=\"8483436\" data-element_type=\"container\" data-settings=\"{&quot;background_background&quot;:&quot;classic&quot;}\">\n\t\t\t\t<div class=\"elementor-element elementor-element-6c8b51a elementor-widget elementor-widget-html\" data-id=\"6c8b51a\" data-element_type=\"widget\" data-widget_type=\"html.default\">\n\t\t\t\t<div class=\"elementor-widget-container\">\n\t\t\t\t\t<div class=\"modern-line-wrapper\">\r\n  <div class=\"line\"><\/div>\r\n  <span>Misi\u00f3n y Visi\u00f3n<\/span>\r\n  <div class=\"line\"><\/div>\r\n<\/div>\t\t\t\t<\/div>\n\t\t\t\t<\/div>\n\t\t\t\t<\/div>\n\t\t<div class=\"elementor-element elementor-element-01aaca5 e-flex e-con-boxed e-con e-parent\" data-id=\"01aaca5\" data-element_type=\"container\">\n\t\t\t\t\t<div class=\"e-con-inner\">\n\t\t\t\t<div class=\"elementor-element elementor-element-d816172 elementor-widget elementor-widget-html\" data-id=\"d816172\" data-element_type=\"widget\" data-widget_type=\"html.default\">\n\t\t\t\t<div class=\"elementor-widget-container\">\n\t\t\t\t\t<style>\r\n\/* === CONTENEDOR GENERAL === *\/\r\n.mv-section {\r\n    max-width: 1300px;\r\n    margin: 40px auto;\r\n    padding: 10px;\r\n    font-family: \"Roboto\", sans-serif;\r\n}\r\n\r\n\/* === TITULOS PRINCIPALES === *\/\r\n.mv-title {\r\n    font-size: 36px;\r\n    font-weight: 900;\r\n    color: #0066b3;\r\n    text-align: center;\r\n    margin-bottom: 10px;\r\n    letter-spacing: 1px;\r\n}\r\n\r\n\/* L\u00ednea elegante bajo el t\u00edtulo *\/\r\n.mv-title::after {\r\n    content: \"\";\r\n    display: block;\r\n    width: 80px;\r\n    height: 4px;\r\n    background: #0066b3;\r\n    margin: 10px auto 25px;\r\n    border-radius: 6px;\r\n}\r\n\r\n\/* === TARJETAS === *\/\r\n.mv-card {\r\n    background: #ffffff;\r\n    border: 2px solid #e4e6eb;\r\n    padding: 25px;\r\n    border-radius: 12px;\r\n    box-shadow: 0 5px 20px rgba(0,0,0,0.10);\r\n    transition: .3s ease-in-out;\r\n}\r\n\r\n\/* Hover *\/\r\n.mv-card:hover {\r\n    transform: translateY(-5px);\r\n    box-shadow: 0 8px 28px rgba(0,0,0,0.18);\r\n}\r\n\r\n\/* Texto *\/\r\n.mv-text {\r\n    font-size: 18px;\r\n    text-align: justify;\r\n    color: #333;\r\n    line-height: 1.7;\r\n}\r\n\r\n\/* === IM\u00c1GENES === *\/\r\n.mv-img {\r\n    width: 100%;\r\n    border-radius: 12px;\r\n    margin-bottom: 15px;\r\n    box-shadow: 0 8px 25px rgba(0,0,0,0.25);\r\n}\r\n\r\n\/* === GRID === *\/\r\n.mv-grid {\r\n    display: grid;\r\n    grid-template-columns: repeat(auto-fit, minmax(450px, 1fr));\r\n    gap: 40px;\r\n}\r\n<\/style>\r\n\r\n<div class=\"mv-section\">\r\n\r\n    <!-- ===================== MISI\u00d3N ===================== -->\r\n    <h2 class=\"mv-title\">MISI\u00d3N<\/h2>\r\n\r\n    <div class=\"mv-grid\">\r\n        \r\n        <!-- Texto -->\r\n        <div class=\"mv-card\">\r\n            <p class=\"mv-text\">\r\n                Contribuir al desarrollo integral de las familias en condici\u00f3n de pobreza \r\n                y pobreza extrema, especialmente del \u00e1rea rural, mediante la implementaci\u00f3n \r\n                de acciones de salud, educaci\u00f3n, promoci\u00f3n del desarrollo econ\u00f3mico comunitario \r\n                y seguridad alimentaria y nutricional, para lograr una nueva generaci\u00f3n de \r\n                guatemaltecas y guatemaltecos sanos, con mayores oportunidades para alcanzar \r\n                mejor calidad de vida.\r\n            <\/p>\r\n        <\/div>\r\n\r\n        <!-- Imagen -->\r\n        <img decoding=\"async\" class=\"mv-img\" src=\"https:\/\/sosep.gob.gt\/wp-content\/uploads\/2025\/09\/Captura-de-pantalla-2025-09-29-102905.png\">\r\n    <\/div>\r\n\r\n    <!-- ===================== VISI\u00d3N ===================== -->\r\n    <h2 class=\"mv-title\">VISI\u00d3N<\/h2>\r\n\r\n    <div class=\"mv-grid\">\r\n\r\n        <!-- Imagen -->\r\n        <img decoding=\"async\" class=\"mv-img\" src=\"https:\/\/sosep.gob.gt\/wp-content\/uploads\/2024\/04\/VISION.png\">\r\n\r\n        <!-- Texto -->\r\n        <div class=\"mv-card\">\r\n            <p class=\"mv-text\">\r\n                Ser una instituci\u00f3n p\u00fablica reconocida a nivel nacional por su capacidad para \r\n                brindar apoyo social de calidad a las familias en condiciones de vulnerabilidad, \r\n                articulando esfuerzos entre sector p\u00fablico, privado, sociedad civil y cooperaci\u00f3n \r\n                internacional, para promover el desarrollo del capital social del pa\u00eds.\r\n            <\/p>\r\n        <\/div>\r\n\r\n    <\/div>\r\n\r\n<\/div>\r\n\t\t\t\t<\/div>\n\t\t\t\t<\/div>\n\t\t\t\t\t<\/div>\n\t\t\t\t<\/div>\n\t\t\t\t<\/div>\n\t\t","protected":false},"excerpt":{"rendered":"<p>Sobre Nosotros La Secretar\u00eda de Obras Sociales de la Esposa del Presidente de la Rep\u00fablica (SOSEP) fue creada mediante el Acuerdo Gubernativo No. 893-91, de fecha 22 de noviembre de 1991, como una dependencia de apoyo a las funciones del Presidente de la Rep\u00fablica. Su labor se centra en coordinar, ejecutar y fortalecer acciones sociales [&hellip;]<\/p>\n","protected":false},"author":1,"featured_media":0,"parent":0,"menu_order":0,"comment_status":"closed","ping_status":"closed","template":"elementor_header_footer","meta":{"_acf_changed":false,"footnotes":""},"class_list":["post-2710","page","type-page","status-publish","hentry"],"acf":[],"yoast_head":"<!-- This site is optimized with the Yoast SEO plugin v26.2 - https:\/\/yoast.com\/wordpress\/plugins\/seo\/ -->\n<title>Sobre Nosotros - SOSEP<\/title>\n<meta name=\"robots\" content=\"index, follow, max-snippet:-1, max-image-preview:large, max-video-preview:-1\" \/>\n<link rel=\"canonical\" href=\"https:\/\/sosep.gob.gt\/index.php\/elementor-2710\/\" \/>\n<meta property=\"og:locale\" content=\"es_ES\" \/>\n<meta property=\"og:type\" content=\"article\" \/>\n<meta property=\"og:title\" content=\"Sobre Nosotros - SOSEP\" \/>\n<meta property=\"og:description\" content=\"Sobre Nosotros La Secretar\u00eda de Obras Sociales de la Esposa del Presidente de la Rep\u00fablica (SOSEP) fue creada mediante el Acuerdo Gubernativo No. 893-91, de fecha 22 de noviembre de 1991, como una dependencia de apoyo a las funciones del Presidente de la Rep\u00fablica. Su labor se centra en coordinar, ejecutar y fortalecer acciones sociales [&hellip;]\" \/>\n<meta property=\"og:url\" content=\"https:\/\/sosep.gob.gt\/index.php\/elementor-2710\/\" \/>\n<meta property=\"og:site_name\" content=\"SOSEP\" \/>\n<meta property=\"article:modified_time\" content=\"2025-12-11T15:08:15+00:00\" \/>\n<meta property=\"og:image\" content=\"https:\/\/sosep.gob.gt\/\/wp-content\/uploads\/2025\/09\/WhatsApp-Image-2025-09-25-at-7.59.58-AM.jpeg\" \/>\n<meta name=\"twitter:card\" content=\"summary_large_image\" \/>\n<meta name=\"twitter:label1\" content=\"Est. reading time\" \/>\n\t<meta name=\"twitter:data1\" content=\"3 minutos\" \/>\n<script type=\"application\/ld+json\" class=\"yoast-schema-graph\">{\"@context\":\"https:\/\/schema.org\",\"@graph\":[{\"@type\":\"WebPage\",\"@id\":\"https:\/\/sosep.gob.gt\/index.php\/elementor-2710\/\",\"url\":\"https:\/\/sosep.gob.gt\/index.php\/elementor-2710\/\",\"name\":\"Sobre Nosotros - SOSEP\",\"isPartOf\":{\"@id\":\"https:\/\/sosep.gob.gt\/#website\"},\"primaryImageOfPage\":{\"@id\":\"https:\/\/sosep.gob.gt\/index.php\/elementor-2710\/#primaryimage\"},\"image\":{\"@id\":\"https:\/\/sosep.gob.gt\/index.php\/elementor-2710\/#primaryimage\"},\"thumbnailUrl\":\"https:\/\/sosep.gob.gt\/\/wp-content\/uploads\/2025\/09\/WhatsApp-Image-2025-09-25-at-7.59.58-AM.jpeg\",\"datePublished\":\"2025-09-10T21:28:09+00:00\",\"dateModified\":\"2025-12-11T15:08:15+00:00\",\"breadcrumb\":{\"@id\":\"https:\/\/sosep.gob.gt\/index.php\/elementor-2710\/#breadcrumb\"},\"inLanguage\":\"es\",\"potentialAction\":[{\"@type\":\"ReadAction\",\"target\":[\"https:\/\/sosep.gob.gt\/index.php\/elementor-2710\/\"]}]},{\"@type\":\"ImageObject\",\"inLanguage\":\"es\",\"@id\":\"https:\/\/sosep.gob.gt\/index.php\/elementor-2710\/#primaryimage\",\"url\":\"https:\/\/sosep.gob.gt\/wp-content\/uploads\/2025\/09\/WhatsApp-Image-2025-09-25-at-7.59.58-AM.jpeg\",\"contentUrl\":\"https:\/\/sosep.gob.gt\/wp-content\/uploads\/2025\/09\/WhatsApp-Image-2025-09-25-at-7.59.58-AM.jpeg\",\"width\":1600,\"height\":1066},{\"@type\":\"BreadcrumbList\",\"@id\":\"https:\/\/sosep.gob.gt\/index.php\/elementor-2710\/#breadcrumb\",\"itemListElement\":[{\"@type\":\"ListItem\",\"position\":1,\"name\":\"Inicio\",\"item\":\"https:\/\/sosep.gob.gt\/\"},{\"@type\":\"ListItem\",\"position\":2,\"name\":\"Sobre Nosotros\"}]},{\"@type\":\"WebSite\",\"@id\":\"https:\/\/sosep.gob.gt\/#website\",\"url\":\"https:\/\/sosep.gob.gt\/\",\"name\":\"SOSEP\",\"description\":\"Secretar\u00eda de Obras Sociales de la Esposa del Presidente de la Rep\u00fablica\",\"publisher\":{\"@id\":\"https:\/\/sosep.gob.gt\/#organization\"},\"potentialAction\":[{\"@type\":\"SearchAction\",\"target\":{\"@type\":\"EntryPoint\",\"urlTemplate\":\"https:\/\/sosep.gob.gt\/?s={search_term_string}\"},\"query-input\":{\"@type\":\"PropertyValueSpecification\",\"valueRequired\":true,\"valueName\":\"search_term_string\"}}],\"inLanguage\":\"es\"},{\"@type\":\"Organization\",\"@id\":\"https:\/\/sosep.gob.gt\/#organization\",\"name\":\"SOSEP\",\"url\":\"https:\/\/sosep.gob.gt\/\",\"logo\":{\"@type\":\"ImageObject\",\"inLanguage\":\"es\",\"@id\":\"https:\/\/sosep.gob.gt\/#\/schema\/logo\/image\/\",\"url\":\"https:\/\/sosep.gob.gt\/wp-content\/uploads\/2025\/08\/LOGOS-OFICIALES-SOSEP-01.png\",\"contentUrl\":\"https:\/\/sosep.gob.gt\/wp-content\/uploads\/2025\/08\/LOGOS-OFICIALES-SOSEP-01.png\",\"width\":1754,\"height\":867,\"caption\":\"SOSEP\"},\"image\":{\"@id\":\"https:\/\/sosep.gob.gt\/#\/schema\/logo\/image\/\"}}]}<\/script>\n<!-- \/ Yoast SEO plugin. -->","yoast_head_json":{"title":"Sobre Nosotros - SOSEP","robots":{"index":"index","follow":"follow","max-snippet":"max-snippet:-1","max-image-preview":"max-image-preview:large","max-video-preview":"max-video-preview:-1"},"canonical":"https:\/\/sosep.gob.gt\/index.php\/elementor-2710\/","og_locale":"es_ES","og_type":"article","og_title":"Sobre Nosotros - SOSEP","og_description":"Sobre Nosotros La Secretar\u00eda de Obras Sociales de la Esposa del Presidente de la Rep\u00fablica (SOSEP) fue creada mediante el Acuerdo Gubernativo No. 893-91, de fecha 22 de noviembre de 1991, como una dependencia de apoyo a las funciones del Presidente de la Rep\u00fablica. Su labor se centra en coordinar, ejecutar y fortalecer acciones sociales [&hellip;]","og_url":"https:\/\/sosep.gob.gt\/index.php\/elementor-2710\/","og_site_name":"SOSEP","article_modified_time":"2025-12-11T15:08:15+00:00","og_image":[{"url":"https:\/\/sosep.gob.gt\/\/wp-content\/uploads\/2025\/09\/WhatsApp-Image-2025-09-25-at-7.59.58-AM.jpeg","type":"","width":"","height":""}],"twitter_card":"summary_large_image","twitter_misc":{"Est. reading time":"3 minutos"},"schema":{"@context":"https:\/\/schema.org","@graph":[{"@type":"WebPage","@id":"https:\/\/sosep.gob.gt\/index.php\/elementor-2710\/","url":"https:\/\/sosep.gob.gt\/index.php\/elementor-2710\/","name":"Sobre Nosotros - SOSEP","isPartOf":{"@id":"https:\/\/sosep.gob.gt\/#website"},"primaryImageOfPage":{"@id":"https:\/\/sosep.gob.gt\/index.php\/elementor-2710\/#primaryimage"},"image":{"@id":"https:\/\/sosep.gob.gt\/index.php\/elementor-2710\/#primaryimage"},"thumbnailUrl":"https:\/\/sosep.gob.gt\/\/wp-content\/uploads\/2025\/09\/WhatsApp-Image-2025-09-25-at-7.59.58-AM.jpeg","datePublished":"2025-09-10T21:28:09+00:00","dateModified":"2025-12-11T15:08:15+00:00","breadcrumb":{"@id":"https:\/\/sosep.gob.gt\/index.php\/elementor-2710\/#breadcrumb"},"inLanguage":"es","potentialAction":[{"@type":"ReadAction","target":["https:\/\/sosep.gob.gt\/index.php\/elementor-2710\/"]}]},{"@type":"ImageObject","inLanguage":"es","@id":"https:\/\/sosep.gob.gt\/index.php\/elementor-2710\/#primaryimage","url":"https:\/\/sosep.gob.gt\/wp-content\/uploads\/2025\/09\/WhatsApp-Image-2025-09-25-at-7.59.58-AM.jpeg","contentUrl":"https:\/\/sosep.gob.gt\/wp-content\/uploads\/2025\/09\/WhatsApp-Image-2025-09-25-at-7.59.58-AM.jpeg","width":1600,"height":1066},{"@type":"BreadcrumbList","@id":"https:\/\/sosep.gob.gt\/index.php\/elementor-2710\/#breadcrumb","itemListElement":[{"@type":"ListItem","position":1,"name":"Inicio","item":"https:\/\/sosep.gob.gt\/"},{"@type":"ListItem","position":2,"name":"Sobre Nosotros"}]},{"@type":"WebSite","@id":"https:\/\/sosep.gob.gt\/#website","url":"https:\/\/sosep.gob.gt\/","name":"SOSEP","description":"Secretar\u00eda de Obras Sociales de la Esposa del Presidente de la Rep\u00fablica","publisher":{"@id":"https:\/\/sosep.gob.gt\/#organization"},"potentialAction":[{"@type":"SearchAction","target":{"@type":"EntryPoint","urlTemplate":"https:\/\/sosep.gob.gt\/?s={search_term_string}"},"query-input":{"@type":"PropertyValueSpecification","valueRequired":true,"valueName":"search_term_string"}}],"inLanguage":"es"},{"@type":"Organization","@id":"https:\/\/sosep.gob.gt\/#organization","name":"SOSEP","url":"https:\/\/sosep.gob.gt\/","logo":{"@type":"ImageObject","inLanguage":"es","@id":"https:\/\/sosep.gob.gt\/#\/schema\/logo\/image\/","url":"https:\/\/sosep.gob.gt\/wp-content\/uploads\/2025\/08\/LOGOS-OFICIALES-SOSEP-01.png","contentUrl":"https:\/\/sosep.gob.gt\/wp-content\/uploads\/2025\/08\/LOGOS-OFICIALES-SOSEP-01.png","width":1754,"height":867,"caption":"SOSEP"},"image":{"@id":"https:\/\/sosep.gob.gt\/#\/schema\/logo\/image\/"}}]}},"_links":{"self":[{"href":"https:\/\/sosep.gob.gt\/index.php\/wp-json\/wp\/v2\/pages\/2710","targetHints":{"allow":["GET"]}}],"collection":[{"href":"https:\/\/sosep.gob.gt\/index.php\/wp-json\/wp\/v2\/pages"}],"about":[{"href":"https:\/\/sosep.gob.gt\/index.php\/wp-json\/wp\/v2\/types\/page"}],"author":[{"embeddable":true,"href":"https:\/\/sosep.gob.gt\/index.php\/wp-json\/wp\/v2\/users\/1"}],"replies":[{"embeddable":true,"href":"https:\/\/sosep.gob.gt\/index.php\/wp-json\/wp\/v2\/comments?post=2710"}],"version-history":[{"count":188,"href":"https:\/\/sosep.gob.gt\/index.php\/wp-json\/wp\/v2\/pages\/2710\/revisions"}],"predecessor-version":[{"id":5191,"href":"https:\/\/sosep.gob.gt\/index.php\/wp-json\/wp\/v2\/pages\/2710\/revisions\/5191"}],"wp:attachment":[{"href":"https:\/\/sosep.gob.gt\/index.php\/wp-json\/wp\/v2\/media?parent=2710"}],"curies":[{"name":"wp","href":"https:\/\/api.w.org\/{rel}","templated":true}]}}