{"id":1655,"date":"2025-08-25T14:51:17","date_gmt":"2025-08-25T20:51:17","guid":{"rendered":"https:\/\/sosep.gob.gt\/\/?page_id=1655"},"modified":"2025-12-11T09:46:17","modified_gmt":"2025-12-11T15:46:17","slug":"directorio-de-sosep","status":"publish","type":"page","link":"https:\/\/sosep.gob.gt\/index.php\/directorio-de-sosep\/","title":{"rendered":"Directorio de SOSEP"},"content":{"rendered":"\t\t<div data-elementor-type=\"wp-page\" data-elementor-id=\"1655\" class=\"elementor elementor-1655\" data-elementor-post-type=\"page\">\n\t\t\t\t<div class=\"elementor-element elementor-element-822eecc e-con-full e-flex e-con e-parent\" data-id=\"822eecc\" data-element_type=\"container\" data-settings=\"{&quot;background_background&quot;:&quot;classic&quot;}\">\n\t\t\t\t<div class=\"elementor-element elementor-element-ed74586 elementor-widget elementor-widget-breadcrumbs\" data-id=\"ed74586\" data-element_type=\"widget\" id=\"breadcrumbs\" data-widget_type=\"breadcrumbs.default\">\n\t\t\t\t<div class=\"elementor-widget-container\">\n\t\t\t\t\t<p id=\"breadcrumbs\"><span><span><a href=\"https:\/\/sosep.gob.gt\/\">Inicio<\/a><\/span><\/span><\/p>\t\t\t\t<\/div>\n\t\t\t\t<\/div>\n\t\t\t\t<\/div>\n\t\t<div class=\"elementor-element elementor-element-bd9ef15 e-con-full e-flex e-con e-parent\" data-id=\"bd9ef15\" data-element_type=\"container\">\n\t\t\t\t<div class=\"elementor-element elementor-element-7f38b73 elementor-widget__width-initial elementor-widget elementor-widget-html\" data-id=\"7f38b73\" data-element_type=\"widget\" data-widget_type=\"html.default\">\n\t\t\t\t<div class=\"elementor-widget-container\">\n\t\t\t\t\t<!DOCTYPE html>\r\n<html lang=\"es\">\r\n<head>\r\n<meta charset=\"UTF-8\">\r\n<title>T\u00edtulo Tecnol\u00f3gico<\/title>\r\n\r\n<style>\r\n\/* ================================\r\n   T\u00cdTULO TECNOL\u00d3GICO CON DESTELLOS\r\n   ================================ *\/\r\n.titulo-destellos {\r\n    position: relative;\r\n    background: #192854; \/* Azul institucional oscuro *\/\r\n    padding: 35px 0;\r\n    text-align: center;\r\n    font-family: \"Segoe UI\", sans-serif;\r\n    overflow: hidden;\r\n}\r\n\r\n\/* Texto del t\u00edtulo *\/\r\n.titulo-destellos h2 {\r\n    color: #FFFFFF;\r\n    font-size: 28px;\r\n    font-weight: 700;\r\n    letter-spacing: 1px;\r\n    position: relative;\r\n    z-index: 10;\r\n    text-shadow: 0 0 8px rgba(255,255,255,0.7);\r\n}\r\n\r\n\/* L\u00edneas brillantes laterales *\/\r\n.titulo-destellos::before,\r\n.titulo-destellos::after {\r\n    content: \"\";\r\n    position: absolute;\r\n    top: 50%;\r\n    width: 43%;\r\n    height: 4px;\r\n    border-radius: 10px;\r\n    filter: blur(1px);\r\n    opacity: 0.95;\r\n}\r\n\r\n\/* L\u00ednea izquierda *\/\r\n.titulo-destellos::before {\r\n    left: 0;\r\n    background: linear-gradient(\r\n        90deg,\r\n        transparent,\r\n        rgba(136,192,213,0.4),\r\n        #88C0D5,\r\n        #4993CC,\r\n        #FFFFFF,\r\n        transparent\r\n    );\r\n    animation: destelloIzq 2.4s infinite ease-in-out;\r\n}\r\n\r\n\/* L\u00ednea derecha *\/\r\n.titulo-destellos::after {\r\n    right: 0;\r\n    background: linear-gradient(\r\n        90deg,\r\n        transparent,\r\n        #FFFFFF,\r\n        #4993CC,\r\n        #88C0D5,\r\n        rgba(136,192,213,0.4),\r\n        transparent\r\n    );\r\n    animation: destelloDer 2.4s infinite ease-in-out;\r\n}\r\n\r\n\/* Animaciones *\/\r\n@keyframes destelloIzq {\r\n    0% { transform: translateX(-40px); opacity: .3; }\r\n    50% { opacity: 1; }\r\n    100% { transform: translateX(40px); opacity: .3; }\r\n}\r\n\r\n@keyframes destelloDer {\r\n    0% { transform: translateX(40px); opacity: .3; }\r\n    50% { opacity: 1; }\r\n    100% { transform: translateX(-40px); opacity: .3; }\r\n}\r\n<\/style>\r\n\r\n<\/head>\r\n\r\n<body>\r\n\r\n<!-- =============================\r\n     T\u00cdTULO LISTO PARA USAR\r\n     ============================= -->\r\n<div class=\"titulo-destellos\">\r\n    <h2>Directorio Telef\u00f3nico<\/h2>\r\n<\/div>\r\n\r\n<\/body>\r\n<\/html>\r\n\t\t\t\t<\/div>\n\t\t\t\t<\/div>\n\t\t\t\t<\/div>\n\t\t<div class=\"elementor-element elementor-element-dd11a71 e-flex e-con-boxed e-con e-parent\" data-id=\"dd11a71\" data-element_type=\"container\" data-settings=\"{&quot;background_background&quot;:&quot;gradient&quot;}\">\n\t\t\t\t\t<div class=\"e-con-inner\">\n\t\t\t\t<div class=\"elementor-element elementor-element-4b1378a elementor-widget elementor-widget-image\" data-id=\"4b1378a\" data-element_type=\"widget\" data-widget_type=\"image.default\">\n\t\t\t\t<div class=\"elementor-widget-container\">\n\t\t\t\t\t\t\t\t\t\t\t\t\t\t\t\t<a href=\"https:\/\/acrobat.adobe.com\/id\/urn:aaid:sc:US:2f046340-cd0c-4631-8af8-e7a7cb09f25b\">\n\t\t\t\t\t\t\t<img fetchpriority=\"high\" decoding=\"async\" width=\"1024\" height=\"576\" src=\"https:\/\/sosep.gob.gt\/wp-content\/uploads\/2025\/08\/Directorio.png\" class=\"attachment-large size-large wp-image-1694\" alt=\"\" srcset=\"https:\/\/sosep.gob.gt\/wp-content\/uploads\/2025\/08\/Directorio.png 1920w, https:\/\/sosep.gob.gt\/wp-content\/uploads\/2025\/08\/Directorio-300x169.png 300w\" sizes=\"(max-width: 1024px) 100vw, 1024px\" \/>\t\t\t\t\t\t\t\t<\/a>\n\t\t\t\t\t\t\t\t\t\t\t\t\t\t\t<\/div>\n\t\t\t\t<\/div>\n\t\t\t\t\t<\/div>\n\t\t\t\t<\/div>\n\t\t\t\t<\/div>\n\t\t","protected":false},"excerpt":{"rendered":"<p>T\u00edtulo Tecnol\u00f3gico Directorio Telef\u00f3nico<\/p>\n","protected":false},"author":1,"featured_media":0,"parent":0,"menu_order":0,"comment_status":"closed","ping_status":"closed","template":"elementor_header_footer","meta":{"_acf_changed":false,"footnotes":""},"class_list":["post-1655","page","type-page","status-publish","hentry"],"acf":[],"yoast_head":"<!-- This site is optimized with the Yoast SEO plugin v26.2 - https:\/\/yoast.com\/wordpress\/plugins\/seo\/ -->\n<title>Directorio de SOSEP - SOSEP<\/title>\n<meta name=\"robots\" content=\"index, follow, max-snippet:-1, max-image-preview:large, max-video-preview:-1\" \/>\n<link rel=\"canonical\" href=\"https:\/\/sosep.gob.gt\/index.php\/directorio-de-sosep\/\" \/>\n<meta property=\"og:locale\" content=\"es_ES\" \/>\n<meta property=\"og:type\" content=\"article\" \/>\n<meta property=\"og:title\" content=\"Directorio de SOSEP - SOSEP\" \/>\n<meta property=\"og:description\" content=\"T\u00edtulo Tecnol\u00f3gico Directorio Telef\u00f3nico\" \/>\n<meta property=\"og:url\" content=\"https:\/\/sosep.gob.gt\/index.php\/directorio-de-sosep\/\" \/>\n<meta property=\"og:site_name\" content=\"SOSEP\" \/>\n<meta property=\"article:modified_time\" content=\"2025-12-11T15:46:17+00:00\" \/>\n<meta property=\"og:image\" content=\"https:\/\/sosep.gob.gt\/\/wp-content\/uploads\/2025\/08\/Directorio-1024x576.png\" \/>\n<meta name=\"twitter:card\" content=\"summary_large_image\" \/>\n<meta name=\"twitter:label1\" content=\"Est. reading time\" \/>\n\t<meta name=\"twitter:data1\" content=\"1 minuto\" \/>\n<script type=\"application\/ld+json\" class=\"yoast-schema-graph\">{\"@context\":\"https:\/\/schema.org\",\"@graph\":[{\"@type\":\"WebPage\",\"@id\":\"https:\/\/sosep.gob.gt\/index.php\/directorio-de-sosep\/\",\"url\":\"https:\/\/sosep.gob.gt\/index.php\/directorio-de-sosep\/\",\"name\":\"Directorio de SOSEP - SOSEP\",\"isPartOf\":{\"@id\":\"https:\/\/sosep.gob.gt\/#website\"},\"primaryImageOfPage\":{\"@id\":\"https:\/\/sosep.gob.gt\/index.php\/directorio-de-sosep\/#primaryimage\"},\"image\":{\"@id\":\"https:\/\/sosep.gob.gt\/index.php\/directorio-de-sosep\/#primaryimage\"},\"thumbnailUrl\":\"https:\/\/sosep.gob.gt\/\/wp-content\/uploads\/2025\/08\/Directorio-1024x576.png\",\"datePublished\":\"2025-08-25T20:51:17+00:00\",\"dateModified\":\"2025-12-11T15:46:17+00:00\",\"breadcrumb\":{\"@id\":\"https:\/\/sosep.gob.gt\/index.php\/directorio-de-sosep\/#breadcrumb\"},\"inLanguage\":\"es\",\"potentialAction\":[{\"@type\":\"ReadAction\",\"target\":[\"https:\/\/sosep.gob.gt\/index.php\/directorio-de-sosep\/\"]}]},{\"@type\":\"ImageObject\",\"inLanguage\":\"es\",\"@id\":\"https:\/\/sosep.gob.gt\/index.php\/directorio-de-sosep\/#primaryimage\",\"url\":\"https:\/\/sosep.gob.gt\/wp-content\/uploads\/2025\/08\/Directorio.png\",\"contentUrl\":\"https:\/\/sosep.gob.gt\/wp-content\/uploads\/2025\/08\/Directorio.png\",\"width\":1920,\"height\":1080},{\"@type\":\"BreadcrumbList\",\"@id\":\"https:\/\/sosep.gob.gt\/index.php\/directorio-de-sosep\/#breadcrumb\",\"itemListElement\":[{\"@type\":\"ListItem\",\"position\":1,\"name\":\"Inicio\",\"item\":\"https:\/\/sosep.gob.gt\/\"},{\"@type\":\"ListItem\",\"position\":2,\"name\":\"Directorio de SOSEP\"}]},{\"@type\":\"WebSite\",\"@id\":\"https:\/\/sosep.gob.gt\/#website\",\"url\":\"https:\/\/sosep.gob.gt\/\",\"name\":\"SOSEP\",\"description\":\"Secretar\u00eda de Obras Sociales de la Esposa del Presidente de la Rep\u00fablica\",\"publisher\":{\"@id\":\"https:\/\/sosep.gob.gt\/#organization\"},\"potentialAction\":[{\"@type\":\"SearchAction\",\"target\":{\"@type\":\"EntryPoint\",\"urlTemplate\":\"https:\/\/sosep.gob.gt\/?s={search_term_string}\"},\"query-input\":{\"@type\":\"PropertyValueSpecification\",\"valueRequired\":true,\"valueName\":\"search_term_string\"}}],\"inLanguage\":\"es\"},{\"@type\":\"Organization\",\"@id\":\"https:\/\/sosep.gob.gt\/#organization\",\"name\":\"SOSEP\",\"url\":\"https:\/\/sosep.gob.gt\/\",\"logo\":{\"@type\":\"ImageObject\",\"inLanguage\":\"es\",\"@id\":\"https:\/\/sosep.gob.gt\/#\/schema\/logo\/image\/\",\"url\":\"https:\/\/sosep.gob.gt\/wp-content\/uploads\/2025\/08\/LOGOS-OFICIALES-SOSEP-01.png\",\"contentUrl\":\"https:\/\/sosep.gob.gt\/wp-content\/uploads\/2025\/08\/LOGOS-OFICIALES-SOSEP-01.png\",\"width\":1754,\"height\":867,\"caption\":\"SOSEP\"},\"image\":{\"@id\":\"https:\/\/sosep.gob.gt\/#\/schema\/logo\/image\/\"}}]}<\/script>\n<!-- \/ Yoast SEO plugin. -->","yoast_head_json":{"title":"Directorio de SOSEP - SOSEP","robots":{"index":"index","follow":"follow","max-snippet":"max-snippet:-1","max-image-preview":"max-image-preview:large","max-video-preview":"max-video-preview:-1"},"canonical":"https:\/\/sosep.gob.gt\/index.php\/directorio-de-sosep\/","og_locale":"es_ES","og_type":"article","og_title":"Directorio de SOSEP - SOSEP","og_description":"T\u00edtulo Tecnol\u00f3gico Directorio Telef\u00f3nico","og_url":"https:\/\/sosep.gob.gt\/index.php\/directorio-de-sosep\/","og_site_name":"SOSEP","article_modified_time":"2025-12-11T15:46:17+00:00","og_image":[{"url":"https:\/\/sosep.gob.gt\/\/wp-content\/uploads\/2025\/08\/Directorio-1024x576.png","type":"","width":"","height":""}],"twitter_card":"summary_large_image","twitter_misc":{"Est. reading time":"1 minuto"},"schema":{"@context":"https:\/\/schema.org","@graph":[{"@type":"WebPage","@id":"https:\/\/sosep.gob.gt\/index.php\/directorio-de-sosep\/","url":"https:\/\/sosep.gob.gt\/index.php\/directorio-de-sosep\/","name":"Directorio de SOSEP - SOSEP","isPartOf":{"@id":"https:\/\/sosep.gob.gt\/#website"},"primaryImageOfPage":{"@id":"https:\/\/sosep.gob.gt\/index.php\/directorio-de-sosep\/#primaryimage"},"image":{"@id":"https:\/\/sosep.gob.gt\/index.php\/directorio-de-sosep\/#primaryimage"},"thumbnailUrl":"https:\/\/sosep.gob.gt\/\/wp-content\/uploads\/2025\/08\/Directorio-1024x576.png","datePublished":"2025-08-25T20:51:17+00:00","dateModified":"2025-12-11T15:46:17+00:00","breadcrumb":{"@id":"https:\/\/sosep.gob.gt\/index.php\/directorio-de-sosep\/#breadcrumb"},"inLanguage":"es","potentialAction":[{"@type":"ReadAction","target":["https:\/\/sosep.gob.gt\/index.php\/directorio-de-sosep\/"]}]},{"@type":"ImageObject","inLanguage":"es","@id":"https:\/\/sosep.gob.gt\/index.php\/directorio-de-sosep\/#primaryimage","url":"https:\/\/sosep.gob.gt\/wp-content\/uploads\/2025\/08\/Directorio.png","contentUrl":"https:\/\/sosep.gob.gt\/wp-content\/uploads\/2025\/08\/Directorio.png","width":1920,"height":1080},{"@type":"BreadcrumbList","@id":"https:\/\/sosep.gob.gt\/index.php\/directorio-de-sosep\/#breadcrumb","itemListElement":[{"@type":"ListItem","position":1,"name":"Inicio","item":"https:\/\/sosep.gob.gt\/"},{"@type":"ListItem","position":2,"name":"Directorio de SOSEP"}]},{"@type":"WebSite","@id":"https:\/\/sosep.gob.gt\/#website","url":"https:\/\/sosep.gob.gt\/","name":"SOSEP","description":"Secretar\u00eda de Obras Sociales de la Esposa del Presidente de la Rep\u00fablica","publisher":{"@id":"https:\/\/sosep.gob.gt\/#organization"},"potentialAction":[{"@type":"SearchAction","target":{"@type":"EntryPoint","urlTemplate":"https:\/\/sosep.gob.gt\/?s={search_term_string}"},"query-input":{"@type":"PropertyValueSpecification","valueRequired":true,"valueName":"search_term_string"}}],"inLanguage":"es"},{"@type":"Organization","@id":"https:\/\/sosep.gob.gt\/#organization","name":"SOSEP","url":"https:\/\/sosep.gob.gt\/","logo":{"@type":"ImageObject","inLanguage":"es","@id":"https:\/\/sosep.gob.gt\/#\/schema\/logo\/image\/","url":"https:\/\/sosep.gob.gt\/wp-content\/uploads\/2025\/08\/LOGOS-OFICIALES-SOSEP-01.png","contentUrl":"https:\/\/sosep.gob.gt\/wp-content\/uploads\/2025\/08\/LOGOS-OFICIALES-SOSEP-01.png","width":1754,"height":867,"caption":"SOSEP"},"image":{"@id":"https:\/\/sosep.gob.gt\/#\/schema\/logo\/image\/"}}]}},"_links":{"self":[{"href":"https:\/\/sosep.gob.gt\/index.php\/wp-json\/wp\/v2\/pages\/1655","targetHints":{"allow":["GET"]}}],"collection":[{"href":"https:\/\/sosep.gob.gt\/index.php\/wp-json\/wp\/v2\/pages"}],"about":[{"href":"https:\/\/sosep.gob.gt\/index.php\/wp-json\/wp\/v2\/types\/page"}],"author":[{"embeddable":true,"href":"https:\/\/sosep.gob.gt\/index.php\/wp-json\/wp\/v2\/users\/1"}],"replies":[{"embeddable":true,"href":"https:\/\/sosep.gob.gt\/index.php\/wp-json\/wp\/v2\/comments?post=1655"}],"version-history":[{"count":64,"href":"https:\/\/sosep.gob.gt\/index.php\/wp-json\/wp\/v2\/pages\/1655\/revisions"}],"predecessor-version":[{"id":5201,"href":"https:\/\/sosep.gob.gt\/index.php\/wp-json\/wp\/v2\/pages\/1655\/revisions\/5201"}],"wp:attachment":[{"href":"https:\/\/sosep.gob.gt\/index.php\/wp-json\/wp\/v2\/media?parent=1655"}],"curies":[{"name":"wp","href":"https:\/\/api.w.org\/{rel}","templated":true}]}}